{"id":4475,"date":"2025-04-04T12:54:20","date_gmt":"2025-04-04T15:54:20","guid":{"rendered":"https:\/\/gimetal.com.ar\/?page_id=4475"},"modified":"2025-04-07T15:01:19","modified_gmt":"2025-04-07T18:01:19","slug":"contacto","status":"publish","type":"page","link":"https:\/\/gimetal.com.ar\/en\/contacto\/","title":{"rendered":"Contact"},"content":{"rendered":"<div data-elementor-type=\"wp-page\" data-elementor-id=\"4475\" class=\"elementor elementor-4475\" data-elementor-post-type=\"page\">\n\t\t\t\t<div class=\"elementor-element elementor-element-4a20eda e-con-full e-flex e-con e-parent\" data-id=\"4a20eda\" data-element_type=\"container\" data-e-type=\"container\" data-settings=\"{&quot;background_background&quot;:&quot;classic&quot;}\">\n\t\t<div class=\"elementor-element elementor-element-b9cddf1 e-flex e-con-boxed e-con e-child\" data-id=\"b9cddf1\" data-element_type=\"container\" data-e-type=\"container\">\n\t\t\t\t\t<div class=\"e-con-inner\">\n\t\t<div class=\"elementor-element elementor-element-88f0aef e-con-full e-flex e-con e-child\" data-id=\"88f0aef\" data-element_type=\"container\" data-e-type=\"container\">\n\t\t\t\t<div class=\"elementor-element elementor-element-a50a8b2 elementor-widget elementor-widget-consiksectiontitle\" data-id=\"a50a8b2\" data-element_type=\"widget\" data-e-type=\"widget\" data-widget_type=\"consiksectiontitle.default\">\n\t\t\t\t<div class=\"elementor-widget-container\">\n\t\t\t\t\t<!-- Section Title --><div class=\"title-area\" ><span class=\"sec-subtitle2\">Let's talk!<\/span><h2 class=\"sec-title title-selector\">Do you have any questions?<\/h2><\/div><!-- End Section Title -->\t\t\t\t<\/div>\n\t\t\t\t<\/div>\n\t\t\t\t<\/div>\n\t\t<div class=\"elementor-element elementor-element-b99bce0 e-con-full e-flex e-con e-child\" data-id=\"b99bce0\" data-element_type=\"container\" data-e-type=\"container\" data-settings=\"{&quot;background_background&quot;:&quot;classic&quot;}\">\n\t\t<div class=\"elementor-element elementor-element-ae8ce70 e-con-full e-flex e-con e-child\" data-id=\"ae8ce70\" data-element_type=\"container\" data-e-type=\"container\" data-settings=\"{&quot;background_background&quot;:&quot;classic&quot;}\">\n\t\t<div class=\"elementor-element elementor-element-bb64a2a e-con-full e-flex e-con e-child\" data-id=\"bb64a2a\" data-element_type=\"container\" data-e-type=\"container\" data-settings=\"{&quot;background_background&quot;:&quot;classic&quot;}\">\n\t\t\t\t<div class=\"elementor-element elementor-element-87f8902 elementor-widget elementor-widget-consiksectiontitle\" data-id=\"87f8902\" data-element_type=\"widget\" data-e-type=\"widget\" data-widget_type=\"consiksectiontitle.default\">\n\t\t\t\t<div class=\"elementor-widget-container\">\n\t\t\t\t\t<!-- Section Title --><div class=\"title-area\" ><h2 class=\"sec-title title-selector\">Send us a message<\/h2><p class=\"sec-text\">Complete the following form and we will respond shortly.<\/p><\/div><!-- End Section Title -->\t\t\t\t<\/div>\n\t\t\t\t<\/div>\n\t\t\t\t<div class=\"elementor-element elementor-element-ac23ead elementor-widget elementor-widget-shortcode\" data-id=\"ac23ead\" data-element_type=\"widget\" data-e-type=\"widget\" data-widget_type=\"shortcode.default\">\n\t\t\t\t<div class=\"elementor-widget-container\">\n\t\t\t\t\t\t\t<div class=\"elementor-shortcode\">\n<div class=\"wpcf7 no-js\" id=\"wpcf7-f2085-o1\" lang=\"en-US\" dir=\"ltr\" data-wpcf7-id=\"2085\">\n<div class=\"screen-reader-response\"><p role=\"status\" aria-live=\"polite\" aria-atomic=\"true\"><\/p> <ul><\/ul><\/div>\n<form action=\"\/en\/wp-json\/wp\/v2\/pages\/4475#wpcf7-f2085-o1\" method=\"post\" class=\"wpcf7-form init wpb_gqb_form_product_info_show\" aria-label=\"Contact form\" novalidate=\"novalidate\" data-status=\"init\" data-trp-original-action=\"\/en\/wp-json\/wp\/v2\/pages\/4475#wpcf7-f2085-o1\">\n<fieldset class=\"hidden-fields-container\"><input type=\"hidden\" name=\"_wpcf7\" value=\"2085\" \/><input type=\"hidden\" name=\"_wpcf7_version\" value=\"6.1.5\" \/><input type=\"hidden\" name=\"_wpcf7_locale\" value=\"en_US\" \/><input type=\"hidden\" name=\"_wpcf7_unit_tag\" value=\"wpcf7-f2085-o1\" \/><input type=\"hidden\" name=\"_wpcf7_container_post\" value=\"0\" \/><input type=\"hidden\" name=\"_wpcf7_posted_data_hash\" value=\"\" \/><input type=\"hidden\" name=\"_wpcf7_recaptcha_response\" value=\"\" \/>\n<\/fieldset>\n<div class=\"form--contact\">\n  <div class=\"row gx-20\">\n    <div class=\"col-12 col-md-8 col-lg-12 form-group\">\n      <span class=\"wpcf7-form-control-wrap\" data-name=\"nombre-apellido\"><input size=\"40\" maxlength=\"400\" class=\"wpcf7-form-control wpcf7-text wpcf7-validates-as-required\" aria-required=\"true\" aria-invalid=\"false\" placeholder=\"Full name\" value=\"\" type=\"text\" name=\"nombre-apellido\" \/><\/span>\n      <div class=\"form-icon\">\n        <i class=\"far fa-user\"><\/i>\n      <\/div>\n    <\/div>\n    <div class=\"col-12 col-md-8 col-lg-12 form-group\">\n      <span class=\"wpcf7-form-control-wrap\" data-name=\"correo-electronico\"><input size=\"40\" maxlength=\"400\" class=\"wpcf7-form-control wpcf7-email wpcf7-validates-as-required wpcf7-text wpcf7-validates-as-email\" aria-required=\"true\" aria-invalid=\"false\" placeholder=\"E-mail\" value=\"\" type=\"email\" name=\"correo-electronico\" \/><\/span>\n      <div class=\"form-icon\">\n        <i class=\"far fa-envelope-open\"><\/i>\n      <\/div>\n    <\/div>\n    <div class=\"col-12 col-md-8 col-lg-12 form-group\">\n      <span class=\"wpcf7-form-control-wrap\" data-name=\"telefono\"><input size=\"40\" maxlength=\"400\" class=\"wpcf7-form-control wpcf7-tel wpcf7-validates-as-required wpcf7-text wpcf7-validates-as-tel\" aria-required=\"true\" aria-invalid=\"false\" placeholder=\"Phone\" value=\"\" type=\"tel\" name=\"telefono\" \/><\/span>\n      <div class=\"form-icon\">\n        <i class=\"fas fa-mobile-alt\"><\/i>\n      <\/div>\n    <\/div>\n    <div class=\"col-12 col-md-8 col-lg-12 form-group\">\n      <span class=\"wpcf7-form-control-wrap\" data-name=\"mensaje\"><textarea cols=\"40\" rows=\"10\" maxlength=\"2000\" class=\"wpcf7-form-control wpcf7-textarea wpcf7-validates-as-required\" aria-required=\"true\" aria-invalid=\"false\" placeholder=\"Message\" name=\"mensaje\"><\/textarea><\/span>\n      <div class=\"form-icon\">\n        <i class=\"far fa-comment-alt\"><\/i>\n      <\/div>\n    <\/div>\n <div style=\"padding-bottom:15px\" class=\"form-group\">\n       <span class=\"wpcf7-form-control-wrap recaptcha\" data-name=\"recaptcha\"><span data-sitekey=\"6Le7rh8qAAAAAAmf5kRuxYd559QxYXEovIq1fNiT\" class=\"wpcf7-form-control wpcf7-recaptcha g-recaptcha\"><\/span>\r\n<noscript>\r\n\t<div class=\"grecaptcha-noscript\">\r\n\t\t<iframe src=\"https:\/\/www.google.com\/recaptcha\/api\/fallback?k=6Le7rh8qAAAAAAmf5kRuxYd559QxYXEovIq1fNiT\" frameborder=\"0\" scrolling=\"no\" width=\"310\" height=\"430\">\r\n\t\t<\/iframe>\r\n\t\t<textarea name=\"g-recaptcha-response\" rows=\"3\" cols=\"40\" placeholder=\"reCaptcha Response Here\">\r\n\t\t<\/textarea>\r\n\t<\/div>\r\n<\/noscript>\r\n<\/span>\n        \n      <\/div>\n\n    <div class=\"col-12 form-group\">\n      <button class=\"vs-btn style3\" type=\"submit\">\n        <span class=\"vs-btn__bar\"><\/span>\n        Send message\n      <\/button> \n    <\/div> \n  <\/div>\n<\/div><div class=\"wpcf7-response-output\" aria-hidden=\"true\"><\/div>\n<input type=\"hidden\" name=\"trp-form-language\" value=\"en\"\/><\/form>\n<\/div>\n<\/div>\n\t\t\t\t\t\t<\/div>\n\t\t\t\t<\/div>\n\t\t\t\t<\/div>\n\t\t<div class=\"elementor-element elementor-element-d3c0569 e-con-full e-flex e-con e-child\" data-id=\"d3c0569\" data-element_type=\"container\" data-e-type=\"container\" data-settings=\"{&quot;background_background&quot;:&quot;classic&quot;}\">\n\t\t<div class=\"elementor-element elementor-element-c175c9d e-con-full e-flex e-con e-child\" data-id=\"c175c9d\" data-element_type=\"container\" data-e-type=\"container\" data-settings=\"{&quot;background_background&quot;:&quot;classic&quot;}\">\n\t\t\t\t<div class=\"elementor-element elementor-element-6448306 elementor-widget elementor-widget-consik-footer-info\" data-id=\"6448306\" data-element_type=\"widget\" data-e-type=\"widget\" data-widget_type=\"consik-footer-info.default\">\n\t\t\t\t<div class=\"elementor-widget-container\">\n\t\t\t\t\t\t\t\t\t\t\t\t<div class=\"vs-infobox--style3\">\r\n\t\t\t\t\t<div class=\"vs-infobox__icon\">\r\n\t\t\t\t\t\t<i>\r\n\t\t\t\t\t\t\t<svg xmlns=\"http:\/\/www.w3.org\/2000\/svg\" xmlns:xlink=\"http:\/\/www.w3.org\/1999\/xlink\" width=\"15\" height=\"24\" viewbox=\"0 0 15 24\"><image id=\"Layer_3_copy\" data-name=\"Layer 3 copy\" width=\"15\" height=\"24\" xlink:href=\"data:image\/png;base64,iVBORw0KGgoAAAANSUhEUgAAAA8AAAAYCAYAAAAlBadpAAAABHNCSVQICAgIfAhkiAAAARtJREFUOE\/tlL9LQlEUx3sRgoM\/FiGsRV0U\/4GivyEwJxuCaHJQwcW\/IxwcpHR1c8i\/IWwPbQgpopYEUxc16vX5yh2ekPpm8cKHc94953vuuZfHsWzb3mGdQRGiYGljxXolVoaGhTiF01wj+C98IfEzkZgqQQ1+VxRSV+dwBZ8ST3E8pkDPRQdBcgbKk3iE9cERPLgQx8npwkziL5wAnMC9C3GSnEeYbMXbB1v2v2zqTxLiwmnYgx+4g3fzCAt3HrLph2NomwSNmbzjxVr4p+Y7ge3A1DkMImy8mIQwVjNNQ+IbbuDJxHSQDpwPgzfsIVTgFjQR+zCGXdBY8sK+EWewJRWQ+BKn7mjRrVuQWMlZyMGBulmj\/iBehes\/loiq5VLxBfkAAAAASUVORK5CYII=\"><\/image><\/svg>\t\t\t\t\t\t<\/i>\r\n\t\t\t\t\t<\/div>\r\n\t\t\t\t\t<div class=\"vs-infobox__content\">\r\n\t\t\t\t\t\t\t\t\t\t\t\t\t<span class=\"vs-infobox__title\">\r\n\t\t\t\t\t\t\t\tPhone\t\t\t\t\t\t\t<\/span>\r\n\t\t\t\t\t\t\r\n\t\t\t\t\t\t\t\t\t\t\t\t\t\t\t\t\t\t\t\t\t<div class=\"vs-infobox__number\">\r\n\t\t\t\t\t\t\t\t\t<a href=\"\/en\/wa.me\/3471519436\/\">\r\n\t\t\t\t\t\t\t\t\t\t+54 9 3471 51-9436\t\t\t\t\t\t\t\t\t<\/a>\r\n\t\t\t\t\t\t\t\t<\/div>\r\n\t\t\t\t\t\t\t\t\t\t\t\t\t\t\t\t\t\t<\/div>\r\n\t\t\t\t<\/div>\r\n\t\t\t\r\n        \t\t\t\t<\/div>\n\t\t\t\t<\/div>\n\t\t\t\t<div class=\"elementor-element elementor-element-5da0f91 elementor-widget elementor-widget-consik-footer-info\" data-id=\"5da0f91\" data-element_type=\"widget\" data-e-type=\"widget\" data-widget_type=\"consik-footer-info.default\">\n\t\t\t\t<div class=\"elementor-widget-container\">\n\t\t\t\t\t\t\t\t\t\t\t\t<div class=\"vs-infobox--style3\">\r\n\t\t\t\t\t<div class=\"vs-infobox__icon\">\r\n\t\t\t\t\t\t<i>\r\n\t\t\t\t\t\t\t<svg xmlns=\"http:\/\/www.w3.org\/2000\/svg\" xmlns:xlink=\"http:\/\/www.w3.org\/1999\/xlink\" width=\"20\" height=\"18\" viewbox=\"0 0 20 18\"><image id=\"open-mail\" width=\"20\" height=\"18\" xlink:href=\"data:image\/png;base64,iVBORw0KGgoAAAANSUhEUgAAABQAAAASCAYAAABb0P4QAAAABHNCSVQICAgIfAhkiAAAAYlJREFUOE+1lMsrRGEYh40Nyp1Ss5rYTCn\/Ahu3DbksXRZISeRW7MRCUTIkEeUSO8kGSwtlJ8oGSclCyi2XlRzPr76jaTrnOEy+enq\/2\/uc853vnQlYlpXwQ6tlfR5SoR1WvfYHPITVJE5CPjzBOwThDnph3UnsJKxiYwRC8GGSZ0xyM3EKMuEeumAjWhwt1NHGocCI+ojTLsdrYX4Csswb9xPXtFfCZOIulMAzDMGciyh2uomJMdCnOIJKCWVugE6Y9SlyEq8wuSfhI51TI9wnjoIuw0\/T0fWZymEQKiS8ovMGdbAJhfAArbDlYi1lfgFCcANl5nRhCS8Z5IHqTK0eFiEDjqEDDs1aEVEXVQwq4DZYMmvXxERbqDLIiXmbAcY6jpoe8AI9ZqzPMgyfUTkX9FO8hNqbDiPQbRKXiaqC25iHa+hLaOeF6STBiYPInvqV0MPzvfR\/QpVNGuT6eQ2PPWfy2IWtEsiOU3hOflBC\/b81gm7w9Y9SXZhqckdCDbZBP5942gHJNV9Xi4R\/T85a2wAAAABJRU5ErkJggg==\"><\/image><\/svg>\t\t\t\t\t\t<\/i>\r\n\t\t\t\t\t<\/div>\r\n\t\t\t\t\t<div class=\"vs-infobox__content\">\r\n\t\t\t\t\t\t\t\t\t\t\t\t\t<span class=\"vs-infobox__title\">\r\n\t\t\t\t\t\t\t\tE-mail \t\t\t\t\t\t\t<\/span>\r\n\t\t\t\t\t\t\r\n\t\t\t\t\t\t\t\t\t\t\t\t\t\t\t\t\t\t\t\t\t<div class=\"vs-infobox__number\">\r\n\t\t\t\t\t\t\t\t\t<a href=\"mailto:ventas@gimetal.com.ar\">\r\n\t\t\t\t\t\t\t\t\t\tventas@gimetal.com.ar\t\t\t\t\t\t\t\t\t<\/a>\r\n\t\t\t\t\t\t\t\t<\/div>\r\n\t\t\t\t\t\t\t\t\t\t\t\t\t\t\t\t\t\t<\/div>\r\n\t\t\t\t<\/div>\r\n\t\t\t\r\n        \t\t\t\t<\/div>\n\t\t\t\t<\/div>\n\t\t\t\t<div class=\"elementor-element elementor-element-7cb1ac7 elementor-widget elementor-widget-consik-footer-info\" data-id=\"7cb1ac7\" data-element_type=\"widget\" data-e-type=\"widget\" data-widget_type=\"consik-footer-info.default\">\n\t\t\t\t<div class=\"elementor-widget-container\">\n\t\t\t\t\t\t\t\t\t\t\t\t<div class=\"vs-infobox--style3\">\r\n\t\t\t\t\t<div class=\"vs-infobox__icon\">\r\n\t\t\t\t\t\t<i>\r\n\t\t\t\t\t\t\t<svg xmlns=\"http:\/\/www.w3.org\/2000\/svg\" xmlns:xlink=\"http:\/\/www.w3.org\/1999\/xlink\" width=\"16\" height=\"20\" viewbox=\"0 0 16 20\"><image id=\"Layer_1\" data-name=\"Layer 1\" width=\"16\" height=\"20\" xlink:href=\"data:image\/png;base64,iVBORw0KGgoAAAANSUhEUgAAABAAAAAUCAYAAACEYr13AAAABHNCSVQICAgIfAhkiAAAAe9JREFUOE+Fk00oplEUx73I54KSjxAbQsxImGKLBfWmWdqxIVlMkkwWwySZJguLWYyspmQpSd58ZCXloyHTxCymXgsfszFjlEw+Xr\/\/dK+uxyO3ft1z7z3n\/5z3nPMGIpFIlM8q564BSiEA32EZtr2+AR+BAZz6Ic7jfMN5GPR+v1yBdG7XoACuYRw2QSlWQTvEQxhq4VgqViAW+xAy4CP0eVM1Z2Wg7E4hBy6twDSH1+Zx5Ilge92DMQpzEJRAHsYBqFBlTnANdoeyhAlYdd62sCuhUALvMN5DE4SMUyP7vCcTZThj7tShRRiRwBJGPaSBfls0nIPq8gpuYR1iINGcU9l\/w4oEvmJUQAL8A1X6Er7BS\/PFDfZqSIYL8xG1dUcCsxhByIb\/rWHtwgtQweQ4Bj+g2Lxnsp9ASAJdGJ+gFb4YB4kp7VxzlrCKqmJrtcAU9EogBeMP\/IIs42C3Zgx1wRbP3ocx8iHdzoFSfAPauz0i3uMHLjRon6HTHeV9LopALR18QkRTqGn8CRr5+1GWrRbtmdQkICF3veWgKT0CFVOtfiCgc5IR0XRqwIaMgg1WMRX81yr7\/Z1dkTYcr2ASFFwCZ25afgJ618CoJraN6rm+\/CDY7ye44hJRgEZYo\/so+DkBvdeB\/hMLrrJr3wHN1ZtNo5UuFQAAAABJRU5ErkJggg==\"><\/image><\/svg>\t\t\t\t\t\t<\/i>\r\n\t\t\t\t\t<\/div>\r\n\t\t\t\t\t<div class=\"vs-infobox__content\">\r\n\t\t\t\t\t\t\r\n\t\t\t\t\t\t\t\t\t\t\t\t\t\t\t\t\t\t\t\t\t<div class=\"vs-infobox__number\">\r\n\t\t\t\t\t\t\t\t\tAlberdi 2355, Armstrong 2508, Santa Fe\t\t\t\t\t\t\t\t<\/div>\r\n\t\t\t\t\t\t\t\t\t\t\t\t\t\t\t\t\t\t<\/div>\r\n\t\t\t\t<\/div>\r\n\t\t\t\r\n        \t\t\t\t<\/div>\n\t\t\t\t<\/div>\n\t\t\t\t<div class=\"elementor-element elementor-element-b3de94e footer-widget elementor-widget elementor-widget-consik_footer_social\" data-id=\"b3de94e\" data-element_type=\"widget\" data-e-type=\"widget\" data-widget_type=\"consik_footer_social.default\">\n\t\t\t\t<div class=\"elementor-widget-container\">\n\t\t\t\t\t\t\n\t\t\t\t\t\t\t<div class=\"social-style\">\n\t\t\t\t\t<ul>\n\t\t\t\t\t\t\t\t\t\t\t\t\t<li>\n\t\t\t\t\t\t\t\t<a  target=\"_blank\"  rel=\"nofollow\" href=\"https:\/\/www.facebook.com\/gimetalimplementos\/\">\n\t\t\t\t\t\t\t\t\t<svg aria-hidden=\"true\" class=\"e-font-icon-svg e-fab-facebook\" viewbox=\"0 0 512 512\" xmlns=\"http:\/\/www.w3.org\/2000\/svg\"><path d=\"M504 256C504 119 393 8 256 8S8 119 8 256c0 123.78 90.69 226.38 209.25 245V327.69h-63V256h63v-54.64c0-62.15 37-96.48 93.67-96.48 27.14 0 55.52 4.84 55.52 4.84v61h-31.28c-30.8 0-40.41 19.12-40.41 38.73V256h68.78l-11 71.69h-57.78V501C413.31 482.38 504 379.78 504 256z\"><\/path><\/svg>\t\t\t\t\t\t\t\t<\/a>\n\t\t\t\t\t\t\t<\/li>\n\t\t\t\t\t\t\t\t\t\t\t\t\t<li>\n\t\t\t\t\t\t\t\t<a  target=\"_blank\"  rel=\"nofollow\" href=\"https:\/\/www.instagram.com\/gimetal_srl\/\">\n\t\t\t\t\t\t\t\t\t<svg aria-hidden=\"true\" class=\"e-font-icon-svg e-fab-instagram\" viewbox=\"0 0 448 512\" xmlns=\"http:\/\/www.w3.org\/2000\/svg\"><path d=\"M224.1 141c-63.6 0-114.9 51.3-114.9 114.9s51.3 114.9 114.9 114.9S339 319.5 339 255.9 287.7 141 224.1 141zm0 189.6c-41.1 0-74.7-33.5-74.7-74.7s33.5-74.7 74.7-74.7 74.7 33.5 74.7 74.7-33.6 74.7-74.7 74.7zm146.4-194.3c0 14.9-12 26.8-26.8 26.8-14.9 0-26.8-12-26.8-26.8s12-26.8 26.8-26.8 26.8 12 26.8 26.8zm76.1 27.2c-1.7-35.9-9.9-67.7-36.2-93.9-26.2-26.2-58-34.4-93.9-36.2-37-2.1-147.9-2.1-184.9 0-35.8 1.7-67.6 9.9-93.9 36.1s-34.4 58-36.2 93.9c-2.1 37-2.1 147.9 0 184.9 1.7 35.9 9.9 67.7 36.2 93.9s58 34.4 93.9 36.2c37 2.1 147.9 2.1 184.9 0 35.9-1.7 67.7-9.9 93.9-36.2 26.2-26.2 34.4-58 36.2-93.9 2.1-37 2.1-147.8 0-184.8zM398.8 388c-7.8 19.6-22.9 34.7-42.6 42.6-29.5 11.7-99.5 9-132.1 9s-102.7 2.6-132.1-9c-19.6-7.8-34.7-22.9-42.6-42.6-11.7-29.5-9-99.5-9-132.1s-2.6-102.7 9-132.1c7.8-19.6 22.9-34.7 42.6-42.6 29.5-11.7 99.5-9 132.1-9s102.7-2.6 132.1 9c19.6 7.8 34.7 22.9 42.6 42.6 11.7 29.5 9 99.5 9 132.1s2.7 102.7-9 132.1z\"><\/path><\/svg>\t\t\t\t\t\t\t\t<\/a>\n\t\t\t\t\t\t\t<\/li>\n\t\t\t\t\t\t\t\t\t\t\t\t\t<li>\n\t\t\t\t\t\t\t\t<a  target=\"_blank\"  rel=\"nofollow\" href=\"https:\/\/www.youtube.com\/user\/GIMETALARMSTRONG\">\n\t\t\t\t\t\t\t\t\t<svg aria-hidden=\"true\" class=\"e-font-icon-svg e-fab-youtube\" viewbox=\"0 0 576 512\" xmlns=\"http:\/\/www.w3.org\/2000\/svg\"><path d=\"M549.655 124.083c-6.281-23.65-24.787-42.276-48.284-48.597C458.781 64 288 64 288 64S117.22 64 74.629 75.486c-23.497 6.322-42.003 24.947-48.284 48.597-11.412 42.867-11.412 132.305-11.412 132.305s0 89.438 11.412 132.305c6.281 23.65 24.787 41.5 48.284 47.821C117.22 448 288 448 288 448s170.78 0 213.371-11.486c23.497-6.321 42.003-24.171 48.284-47.821 11.412-42.867 11.412-132.305 11.412-132.305s0-89.438-11.412-132.305zm-317.51 213.508V175.185l142.739 81.205-142.739 81.201z\"><\/path><\/svg>\t\t\t\t\t\t\t\t<\/a>\n\t\t\t\t\t\t\t<\/li>\n\t\t\t\t\t\t\t\t\t\t\t\t<\/ul>\n\t\t\t\t<\/div>\n\t\t\t        \t\t\t\t<\/div>\n\t\t\t\t<\/div>\n\t\t\t\t<\/div>\n\t\t\t\t<\/div>\n\t\t\t\t<\/div>\n\t\t\t\t<\/div>\n\t\t\t\t\t<\/div>\n\t\t\t\t<\/div>\n\t\t\t\t<\/div>\n\t\t<div class=\"elementor-element elementor-element-65ce9ab e-con-full e-flex e-con e-parent\" data-id=\"65ce9ab\" data-element_type=\"container\" data-e-type=\"container\">\n\t\t\t\t<div class=\"elementor-element elementor-element-e05a161 elementor-widget elementor-widget-html\" data-id=\"e05a161\" data-element_type=\"widget\" data-e-type=\"widget\" data-widget_type=\"html.default\">\n\t\t\t\t<div class=\"elementor-widget-container\">\n\t\t\t\t\t<iframe src=\"https:\/\/www.google.com\/maps\/embed?pb=!1m14!1m8!1m3!1d6709.403690624577!2d-61.610124000000006!3d-32.773645!3m2!1i1024!2i768!4f13.1!3m3!1m2!1s0x95c9ebe08f30b60d%3A0xfa911bae8b59eb6e!2sGimetal%20Srl!5e0!3m2!1ses!2sar!4v1721718058444!5m2!1ses!2sar\" width=\"600\" height=\"450\" style=\"border:0;\" allowfullscreen=\"\" loading=\"lazy\" referrerpolicy=\"no-referrer-when-downgrade\"><\/iframe>\t\t\t\t<\/div>\n\t\t\t\t<\/div>\n\t\t\t\t<\/div>\n\t\t\t\t<section class=\"elementor-section elementor-top-section elementor-element elementor-element-5a021a85 elementor-section-boxed elementor-section-height-default elementor-section-height-default\" data-id=\"5a021a85\" data-element_type=\"section\" data-e-type=\"section\" data-settings=\"{&quot;background_background&quot;:&quot;classic&quot;}\">\n\t\t\t\t\t\t<div class=\"elementor-container elementor-column-gap-no\">\n\t\t\t\t\t<div class=\"elementor-column elementor-col-50 elementor-top-column elementor-element elementor-element-18fcba4f\" data-id=\"18fcba4f\" data-element_type=\"column\" data-e-type=\"column\">\n\t\t\t<div class=\"elementor-widget-wrap elementor-element-populated\">\n\t\t\t\t\t\t<div class=\"elementor-element elementor-element-3d9de3e8 elementor-widget__width-initial elementor-absolute elementor-hidden-tablet elementor-hidden-phone elementor-widget elementor-widget-heading\" data-id=\"3d9de3e8\" data-element_type=\"widget\" data-e-type=\"widget\" data-settings=\"{&quot;_position&quot;:&quot;absolute&quot;}\" data-widget_type=\"heading.default\">\n\t\t\t\t<div class=\"elementor-widget-container\">\n\t\t\t\t\t<h2 class=\"elementor-heading-title elementor-size-default\">,<\/h2>\t\t\t\t<\/div>\n\t\t\t\t<\/div>\n\t\t\t\t<section class=\"elementor-section elementor-inner-section elementor-element elementor-element-2896cd5e elementor-section-boxed elementor-section-height-default elementor-section-height-default\" data-id=\"2896cd5e\" data-element_type=\"section\" data-e-type=\"section\">\n\t\t\t\t\t\t<div class=\"elementor-container elementor-column-gap-wider\">\n\t\t\t\t\t<div class=\"elementor-column elementor-col-100 elementor-inner-column elementor-element elementor-element-3509f61\" data-id=\"3509f61\" data-element_type=\"column\" data-e-type=\"column\" data-settings=\"{&quot;background_background&quot;:&quot;classic&quot;}\">\n\t\t\t<div class=\"elementor-widget-wrap elementor-element-populated\">\n\t\t\t\t\t\t<div class=\"elementor-element elementor-element-12e78c1f elementor-widget elementor-widget-heading\" data-id=\"12e78c1f\" data-element_type=\"widget\" data-e-type=\"widget\" data-widget_type=\"heading.default\">\n\t\t\t\t<div class=\"elementor-widget-container\">\n\t\t\t\t\t<h2 class=\"elementor-heading-title elementor-size-xl\">Where we are<\/h2>\t\t\t\t<\/div>\n\t\t\t\t<\/div>\n\t\t\t\t<div class=\"elementor-element elementor-element-1509e3f3 elementor-widget elementor-widget-heading\" data-id=\"1509e3f3\" data-element_type=\"widget\" data-e-type=\"widget\" data-widget_type=\"heading.default\">\n\t\t\t\t<div class=\"elementor-widget-container\">\n\t\t\t\t\t<h4 class=\"elementor-heading-title elementor-size-default\">Alberdi 2355<br>\nArmstrong (2508)<br>\nSanta Fe - Argentina\n<\/h4>\t\t\t\t<\/div>\n\t\t\t\t<\/div>\n\t\t\t\t\t<\/div>\n\t\t<\/div>\n\t\t\t\t\t<\/div>\n\t\t<\/section>\n\t\t\t\t\t<\/div>\n\t\t<\/div>\n\t\t\t\t<div class=\"elementor-column elementor-col-50 elementor-top-column elementor-element elementor-element-5bfa5b62\" data-id=\"5bfa5b62\" data-element_type=\"column\" data-e-type=\"column\">\n\t\t\t<div class=\"elementor-widget-wrap elementor-element-populated\">\n\t\t\t\t\t\t<section class=\"elementor-section elementor-inner-section elementor-element elementor-element-3b6f8387 elementor-section-boxed elementor-section-height-default elementor-section-height-default\" data-id=\"3b6f8387\" data-element_type=\"section\" data-e-type=\"section\">\n\t\t\t\t\t\t<div class=\"elementor-container elementor-column-gap-extended\">\n\t\t\t\t\t<div class=\"elementor-column elementor-col-100 elementor-inner-column elementor-element elementor-element-7db72de4\" data-id=\"7db72de4\" data-element_type=\"column\" data-e-type=\"column\">\n\t\t\t<div class=\"elementor-widget-wrap elementor-element-populated\">\n\t\t\t\t\t\t<div class=\"elementor-element elementor-element-386bdd4a elementor-widget elementor-widget-html\" data-id=\"386bdd4a\" data-element_type=\"widget\" data-e-type=\"widget\" data-widget_type=\"html.default\">\n\t\t\t\t<div class=\"elementor-widget-container\">\n\t\t\t\t\t<iframe src=\"https:\/\/www.google.com\/maps\/embed?pb=!4v1687814112826!6m8!1m7!1sb2Y119fcblnpxC-kQBLHdQ!2m2!1d-32.77324402266702!2d-61.61012807529675!3f179.0466438072348!4f-2.7373577481506715!5f0.7820865974627469\" width=\"800\" height=\"600\" style=\"border:0;\" allowfullscreen=\"\" loading=\"lazy\" referrerpolicy=\"no-referrer-when-downgrade\"><\/iframe>\t\t\t\t<\/div>\n\t\t\t\t<\/div>\n\t\t\t\t\t<\/div>\n\t\t<\/div>\n\t\t\t\t\t<\/div>\n\t\t<\/section>\n\t\t\t\t\t<\/div>\n\t\t<\/div>\n\t\t\t\t\t<\/div>\n\t\t<\/section>\n\t\t\t\t<\/div>","protected":false},"excerpt":{"rendered":"<p>\u00a1hablemos! \u00bfTen\u00e9s alguna duda? Envianos un mensaje Complet\u00e1 el siguiente formulario y te responderemos a la brevedad. Tel\u00e9fono +54 9 3471 51-9436 e-mail ventas@gimetal.com.ar Alberdi 2355, Armstrong 2508, Santa Fe , D\u00f3nde estamos Alberdi 2355 Armstrong (2508) Santa Fe &#8211; Argentina<\/p>","protected":false},"author":1,"featured_media":0,"parent":0,"menu_order":0,"comment_status":"closed","ping_status":"closed","template":"","meta":{"_seopress_robots_primary_cat":"","_seopress_titles_title":"","_seopress_titles_desc":"Contactate con nosotros a trav\u00e9s de nuestro formulario de contacto o por nuestros medios de contacto y te responderemos a la brevedad.","_seopress_robots_index":"","footnotes":""},"class_list":["post-4475","page","type-page","status-publish","hentry"],"_links":{"self":[{"href":"https:\/\/gimetal.com.ar\/en\/wp-json\/wp\/v2\/pages\/4475","targetHints":{"allow":["GET"]}}],"collection":[{"href":"https:\/\/gimetal.com.ar\/en\/wp-json\/wp\/v2\/pages"}],"about":[{"href":"https:\/\/gimetal.com.ar\/en\/wp-json\/wp\/v2\/types\/page"}],"author":[{"embeddable":true,"href":"https:\/\/gimetal.com.ar\/en\/wp-json\/wp\/v2\/users\/1"}],"replies":[{"embeddable":true,"href":"https:\/\/gimetal.com.ar\/en\/wp-json\/wp\/v2\/comments?post=4475"}],"version-history":[{"count":2,"href":"https:\/\/gimetal.com.ar\/en\/wp-json\/wp\/v2\/pages\/4475\/revisions"}],"predecessor-version":[{"id":4521,"href":"https:\/\/gimetal.com.ar\/en\/wp-json\/wp\/v2\/pages\/4475\/revisions\/4521"}],"wp:attachment":[{"href":"https:\/\/gimetal.com.ar\/en\/wp-json\/wp\/v2\/media?parent=4475"}],"curies":[{"name":"wp","href":"https:\/\/api.w.org\/{rel}","templated":true}]}}