{"id":4582,"date":"2025-11-06T08:26:08","date_gmt":"2025-11-06T11:26:08","guid":{"rendered":"https:\/\/gimetal.com.ar\/?page_id=4582"},"modified":"2025-11-07T10:46:40","modified_gmt":"2025-11-07T13:46:40","slug":"descargas","status":"publish","type":"page","link":"https:\/\/gimetal.com.ar\/en\/descargas\/","title":{"rendered":"Downloads"},"content":{"rendered":"<div data-elementor-type=\"wp-page\" data-elementor-id=\"4582\" class=\"elementor elementor-4582\" data-elementor-post-type=\"page\">\n\t\t\t\t<div class=\"elementor-element elementor-element-a44d1c1 e-con-full e-flex e-con e-parent\" data-id=\"a44d1c1\" data-element_type=\"container\" data-e-type=\"container\" data-settings=\"{&quot;background_background&quot;:&quot;classic&quot;}\">\n\t\t<div class=\"elementor-element elementor-element-2eec849 e-flex e-con-boxed e-con e-child\" data-id=\"2eec849\" data-element_type=\"container\" data-e-type=\"container\">\n\t\t\t\t\t<div class=\"e-con-inner\">\n\t\t\t\t<div class=\"elementor-element elementor-element-feb29ea elementor-widget elementor-widget-consiksectiontitle\" data-id=\"feb29ea\" data-element_type=\"widget\" data-e-type=\"widget\" data-widget_type=\"consiksectiontitle.default\">\n\t\t\t\t<div class=\"elementor-widget-container\">\n\t\t\t\t\t<!-- Section Title --><div class=\"title-area\" ><span class=\"sec-subtitle2\">Brochures<\/span><h2 class=\"sec-title title-selector\">Download our brochures<\/h2><p class=\"sec-text\">\n<\/p><\/div><!-- End Section Title -->\t\t\t\t<\/div>\n\t\t\t\t<\/div>\n\t\t<div class=\"elementor-element elementor-element-d7381b1 e-grid e-con-full e-con e-child\" data-id=\"d7381b1\" data-element_type=\"container\" data-e-type=\"container\">\n\t\t<a class=\"elementor-element elementor-element-b4db768 e-con-full e-flex e-con e-child\" data-id=\"b4db768\" data-element_type=\"container\" data-e-type=\"container\" href=\"https:\/\/gimetal.com.ar\/wp-content\/uploads\/2025\/11\/fertilization.pdf\" target=\"_blank\">\n\t\t\t\t<div class=\"elementor-element elementor-element-97c86d6 elementor-widget elementor-widget-image\" data-id=\"97c86d6\" data-element_type=\"widget\" data-e-type=\"widget\" data-widget_type=\"image.default\">\n\t\t\t\t<div class=\"elementor-widget-container\">\n\t\t\t\t\t\t\t\t\t\t\t\t\t\t\t<img fetchpriority=\"high\" decoding=\"async\" width=\"720\" height=\"514\" src=\"https:\/\/gimetal.com.ar\/wp-content\/uploads\/2025\/11\/fertilization.webp\" class=\"attachment-large size-large wp-image-4590\" alt=\"Fertilization - Brochure\" srcset=\"https:\/\/gimetal.com.ar\/wp-content\/uploads\/2025\/11\/fertilization.webp 720w, https:\/\/gimetal.com.ar\/wp-content\/uploads\/2025\/11\/fertilization-300x214.webp 300w, https:\/\/gimetal.com.ar\/wp-content\/uploads\/2025\/11\/fertilization-18x12.webp 18w, https:\/\/gimetal.com.ar\/wp-content\/uploads\/2025\/11\/fertilization-600x428.webp 600w\" sizes=\"(max-width: 720px) 100vw, 720px\" \/>\t\t\t\t\t\t\t\t\t\t\t\t\t\t\t<\/div>\n\t\t\t\t<\/div>\n\t\t\t\t<div class=\"elementor-element elementor-element-6b2827b elementor-widget elementor-widget-heading\" data-id=\"6b2827b\" data-element_type=\"widget\" data-e-type=\"widget\" data-widget_type=\"heading.default\">\n\t\t\t\t<div class=\"elementor-widget-container\">\n\t\t\t\t\t<h5 class=\"elementor-heading-title elementor-size-default\">Fertilization<\/h5>\t\t\t\t<\/div>\n\t\t\t\t<\/div>\n\t\t\t\t<\/a>\n\t\t<a class=\"elementor-element elementor-element-15978f6 e-con-full e-flex e-con e-child\" data-id=\"15978f6\" data-element_type=\"container\" data-e-type=\"container\" href=\"https:\/\/gimetal.com.ar\/wp-content\/uploads\/2025\/11\/seeder-gurisa.pdf\" target=\"_blank\">\n\t\t\t\t<div class=\"elementor-element elementor-element-9e7cab1 elementor-widget elementor-widget-image\" data-id=\"9e7cab1\" data-element_type=\"widget\" data-e-type=\"widget\" data-widget_type=\"image.default\">\n\t\t\t\t<div class=\"elementor-widget-container\">\n\t\t\t\t\t\t\t\t\t\t\t\t<figure class=\"wp-caption\">\n\t\t\t\t\t\t\t\t\t\t<img decoding=\"async\" width=\"720\" height=\"514\" src=\"https:\/\/gimetal.com.ar\/wp-content\/uploads\/2025\/11\/seeder-gurisa.webp\" class=\"attachment-large size-large wp-image-4591\" alt=\"Seeder Gurisa\" srcset=\"https:\/\/gimetal.com.ar\/wp-content\/uploads\/2025\/11\/seeder-gurisa.webp 720w, https:\/\/gimetal.com.ar\/wp-content\/uploads\/2025\/11\/seeder-gurisa-300x214.webp 300w, https:\/\/gimetal.com.ar\/wp-content\/uploads\/2025\/11\/seeder-gurisa-18x12.webp 18w, https:\/\/gimetal.com.ar\/wp-content\/uploads\/2025\/11\/seeder-gurisa-600x428.webp 600w\" sizes=\"(max-width: 720px) 100vw, 720px\" \/>\t\t\t\t\t\t\t\t\t\t\t<figcaption class=\"widget-image-caption wp-caption-text\"><\/figcaption>\n\t\t\t\t\t\t\t\t\t\t<\/figure>\n\t\t\t\t\t\t\t\t\t<\/div>\n\t\t\t\t<\/div>\n\t\t\t\t<div class=\"elementor-element elementor-element-1acf9d0 elementor-widget elementor-widget-heading\" data-id=\"1acf9d0\" data-element_type=\"widget\" data-e-type=\"widget\" data-widget_type=\"heading.default\">\n\t\t\t\t<div class=\"elementor-widget-container\">\n\t\t\t\t\t<h5 class=\"elementor-heading-title elementor-size-default\">Seeder GURISA<\/h5>\t\t\t\t<\/div>\n\t\t\t\t<\/div>\n\t\t\t\t<\/a>\n\t\t<a class=\"elementor-element elementor-element-c7fd20d e-con-full e-flex e-con e-child\" data-id=\"c7fd20d\" data-element_type=\"container\" data-e-type=\"container\" href=\"https:\/\/gimetal.com.ar\/wp-content\/uploads\/2025\/11\/bale-carrier.pdf\" target=\"_blank\">\n\t\t\t\t<div class=\"elementor-element elementor-element-0e83b00 elementor-widget elementor-widget-image\" data-id=\"0e83b00\" data-element_type=\"widget\" data-e-type=\"widget\" data-widget_type=\"image.default\">\n\t\t\t\t<div class=\"elementor-widget-container\">\n\t\t\t\t\t\t\t\t\t\t\t\t\t\t\t<img alt=\"\" decoding=\"async\" width=\"720\" height=\"514\" src=\"https:\/\/gimetal.com.ar\/wp-content\/uploads\/2025\/11\/bale-carrier.webp\" class=\"attachment-large size-large wp-image-4592\" srcset=\"https:\/\/gimetal.com.ar\/wp-content\/uploads\/2025\/11\/bale-carrier.webp 720w, https:\/\/gimetal.com.ar\/wp-content\/uploads\/2025\/11\/bale-carrier-300x214.webp 300w, https:\/\/gimetal.com.ar\/wp-content\/uploads\/2025\/11\/bale-carrier-18x12.webp 18w, https:\/\/gimetal.com.ar\/wp-content\/uploads\/2025\/11\/bale-carrier-600x428.webp 600w\" sizes=\"(max-width: 720px) 100vw, 720px\" \/>\t\t\t\t\t\t\t\t\t\t\t\t\t\t\t<\/div>\n\t\t\t\t<\/div>\n\t\t\t\t<div class=\"elementor-element elementor-element-014d0b9 elementor-widget elementor-widget-heading\" data-id=\"014d0b9\" data-element_type=\"widget\" data-e-type=\"widget\" data-widget_type=\"heading.default\">\n\t\t\t\t<div class=\"elementor-widget-container\">\n\t\t\t\t\t<h5 class=\"elementor-heading-title elementor-size-default\">Bale Carrier<\/h5>\t\t\t\t<\/div>\n\t\t\t\t<\/div>\n\t\t\t\t<\/a>\n\t\t<a class=\"elementor-element elementor-element-e47dbe0 e-con-full e-flex e-con e-child\" data-id=\"e47dbe0\" data-element_type=\"container\" data-e-type=\"container\" href=\"https:\/\/gimetal.com.ar\/wp-content\/uploads\/2025\/11\/haymaking.pdf\" target=\"_blank\">\n\t\t\t\t<div class=\"elementor-element elementor-element-a468727 elementor-widget elementor-widget-image\" data-id=\"a468727\" data-element_type=\"widget\" data-e-type=\"widget\" data-widget_type=\"image.default\">\n\t\t\t\t<div class=\"elementor-widget-container\">\n\t\t\t\t\t\t\t\t\t\t\t\t\t\t\t<img loading=\"lazy\" decoding=\"async\" width=\"720\" height=\"514\" src=\"https:\/\/gimetal.com.ar\/wp-content\/uploads\/2025\/11\/haymaking.webp\" class=\"attachment-large size-large wp-image-4631\" alt=\"Haymaking\" srcset=\"https:\/\/gimetal.com.ar\/wp-content\/uploads\/2025\/11\/haymaking.webp 720w, https:\/\/gimetal.com.ar\/wp-content\/uploads\/2025\/11\/haymaking-300x214.webp 300w, https:\/\/gimetal.com.ar\/wp-content\/uploads\/2025\/11\/haymaking-18x12.webp 18w, https:\/\/gimetal.com.ar\/wp-content\/uploads\/2025\/11\/haymaking-600x428.webp 600w\" sizes=\"(max-width: 720px) 100vw, 720px\" \/>\t\t\t\t\t\t\t\t\t\t\t\t\t\t\t<\/div>\n\t\t\t\t<\/div>\n\t\t\t\t<div class=\"elementor-element elementor-element-5ab70e3 elementor-widget elementor-widget-heading\" data-id=\"5ab70e3\" data-element_type=\"widget\" data-e-type=\"widget\" data-widget_type=\"heading.default\">\n\t\t\t\t<div class=\"elementor-widget-container\">\n\t\t\t\t\t<h5 class=\"elementor-heading-title elementor-size-default\">Haymaking<\/h5>\t\t\t\t<\/div>\n\t\t\t\t<\/div>\n\t\t\t\t<\/a>\n\t\t<a class=\"elementor-element elementor-element-0341c96 e-con-full e-flex e-con e-child\" data-id=\"0341c96\" data-element_type=\"container\" data-e-type=\"container\" href=\"https:\/\/gimetal.com.ar\/wp-content\/uploads\/2025\/11\/tolvas-eng.pdf\" target=\"_blank\">\n\t\t\t\t<div class=\"elementor-element elementor-element-ce5a968 elementor-widget elementor-widget-image\" data-id=\"ce5a968\" data-element_type=\"widget\" data-e-type=\"widget\" data-widget_type=\"image.default\">\n\t\t\t\t<div class=\"elementor-widget-container\">\n\t\t\t\t\t\t\t\t\t\t\t\t\t\t\t<img alt=\"\" loading=\"lazy\" decoding=\"async\" width=\"751\" height=\"540\" src=\"https:\/\/gimetal.com.ar\/wp-content\/uploads\/2025\/11\/tolvas-eng.jpg\" class=\"attachment-large size-large wp-image-4637\" srcset=\"https:\/\/gimetal.com.ar\/wp-content\/uploads\/2025\/11\/tolvas-eng.jpg 1009w, https:\/\/gimetal.com.ar\/wp-content\/uploads\/2025\/11\/tolvas-eng-300x216.jpg 300w, https:\/\/gimetal.com.ar\/wp-content\/uploads\/2025\/11\/tolvas-eng-768x553.jpg 768w, https:\/\/gimetal.com.ar\/wp-content\/uploads\/2025\/11\/tolvas-eng-18x12.jpg 18w, https:\/\/gimetal.com.ar\/wp-content\/uploads\/2025\/11\/tolvas-eng-600x432.jpg 600w\" sizes=\"(max-width: 751px) 100vw, 751px\" \/>\t\t\t\t\t\t\t\t\t\t\t\t\t\t\t<\/div>\n\t\t\t\t<\/div>\n\t\t\t\t<div class=\"elementor-element elementor-element-56456b3 elementor-widget elementor-widget-heading\" data-id=\"56456b3\" data-element_type=\"widget\" data-e-type=\"widget\" data-widget_type=\"heading.default\">\n\t\t\t\t<div class=\"elementor-widget-container\">\n\t\t\t\t\t<h5 class=\"elementor-heading-title elementor-size-default\">Seed &amp; Fertilizer Carts<\/h5>\t\t\t\t<\/div>\n\t\t\t\t<\/div>\n\t\t\t\t<\/a>\n\t\t\t\t<\/div>\n\t\t\t\t\t<\/div>\n\t\t\t\t<\/div>\n\t\t\t\t<\/div>\n\t\t<div class=\"elementor-element elementor-element-2af7d7f e-con-full e-flex e-con e-parent\" data-id=\"2af7d7f\" data-element_type=\"container\" data-e-type=\"container\">\n\t\t<div class=\"elementor-element elementor-element-a102f26 e-con-full e-flex e-con e-child\" data-id=\"a102f26\" data-element_type=\"container\" data-e-type=\"container\" data-settings=\"{&quot;background_background&quot;:&quot;classic&quot;}\">\n\t\t<div class=\"elementor-element elementor-element-2afb466 e-flex e-con-boxed e-con e-child\" data-id=\"2afb466\" data-element_type=\"container\" data-e-type=\"container\">\n\t\t\t\t\t<div class=\"e-con-inner\">\n\t\t<div class=\"elementor-element elementor-element-eff2b0c e-con-full form--style2 e-flex e-con e-child\" data-id=\"eff2b0c\" data-element_type=\"container\" data-e-type=\"container\" data-settings=\"{&quot;background_background&quot;:&quot;classic&quot;}\">\n\t\t\t\t<div class=\"elementor-element elementor-element-da3aaa3 elementor-widget elementor-widget-consiksectiontitle\" data-id=\"da3aaa3\" data-element_type=\"widget\" data-e-type=\"widget\" data-widget_type=\"consiksectiontitle.default\">\n\t\t\t\t<div class=\"elementor-widget-container\">\n\t\t\t\t\t<!-- Section Title --><div class=\"title-area\" ><span class=\"sec-subtitle2\">Do you need more information?\n<\/span><h2 class=\"sec-title title-selector\">Contact\n<\/h2><p class=\"sec-text\">We\u2019re here to help. Get in touch to learn more about our products and services.<\/p><\/div><!-- End Section Title -->\t\t\t\t<\/div>\n\t\t\t\t<\/div>\n\t\t\t\t<div class=\"elementor-element elementor-element-906a634 elementor-widget elementor-widget-shortcode\" data-id=\"906a634\" data-element_type=\"widget\" data-e-type=\"widget\" data-widget_type=\"shortcode.default\">\n\t\t\t\t<div class=\"elementor-widget-container\">\n\t\t\t\t\t\t\t<div class=\"elementor-shortcode\">\n<div class=\"wpcf7 no-js\" id=\"wpcf7-f3501-o1\" lang=\"de-DE\" dir=\"ltr\" data-wpcf7-id=\"3501\">\n<div class=\"screen-reader-response\"><p role=\"status\" aria-live=\"polite\" aria-atomic=\"true\"><\/p> <ul><\/ul><\/div>\n<form action=\"\/en\/wp-json\/wp\/v2\/pages\/4582#wpcf7-f3501-o1\" method=\"post\" class=\"wpcf7-form init wpb_gqb_form_product_info_show\" aria-label=\"Contact form\" novalidate=\"novalidate\" data-status=\"init\" data-trp-original-action=\"\/en\/wp-json\/wp\/v2\/pages\/4582#wpcf7-f3501-o1\">\n<fieldset class=\"hidden-fields-container\"><input type=\"hidden\" name=\"_wpcf7\" value=\"3501\" \/><input type=\"hidden\" name=\"_wpcf7_version\" value=\"6.1.5\" \/><input type=\"hidden\" name=\"_wpcf7_locale\" value=\"de_DE\" \/><input type=\"hidden\" name=\"_wpcf7_unit_tag\" value=\"wpcf7-f3501-o1\" \/><input type=\"hidden\" name=\"_wpcf7_container_post\" value=\"0\" \/><input type=\"hidden\" name=\"_wpcf7_posted_data_hash\" value=\"\" \/><input type=\"hidden\" name=\"_wpcf7_recaptcha_response\" value=\"\" \/>\n<\/fieldset>\n<div class=\"form--contact\">\n    <div class=\"row gx-20\">\n        <div class=\"col-md-12 form-group\">\n            <span class=\"wpcf7-form-control-wrap\" data-name=\"nombre-apellido\"><input size=\"40\" maxlength=\"400\" class=\"wpcf7-form-control wpcf7-text wpcf7-validates-as-required form-control\" aria-required=\"true\" aria-invalid=\"false\" placeholder=\"Full name\" value=\"\" type=\"text\" name=\"nombre-apellido\" \/><\/span>\n        <\/div>\n        <div class=\"col-md-6 form-group\">\n            <span class=\"wpcf7-form-control-wrap\" data-name=\"correo-electronico\"><input size=\"40\" maxlength=\"400\" class=\"wpcf7-form-control wpcf7-email wpcf7-validates-as-required wpcf7-text wpcf7-validates-as-email form-control\" aria-required=\"true\" aria-invalid=\"false\" placeholder=\"E-mail\" value=\"\" type=\"email\" name=\"correo-electronico\" \/><\/span>\n        <\/div>\n        <div class=\"col-md-6 form-group\">\n            <span class=\"wpcf7-form-control-wrap\" data-name=\"telefono\"><input size=\"40\" maxlength=\"400\" class=\"wpcf7-form-control wpcf7-tel wpcf7-validates-as-required wpcf7-text wpcf7-validates-as-tel form-control\" aria-required=\"true\" aria-invalid=\"false\" placeholder=\"Phone\" value=\"\" type=\"tel\" name=\"telefono\" \/><\/span>\n        <\/div>\n<div class=\"col-md-12 form-group\">\n            <span class=\"wpcf7-form-control-wrap\" data-name=\"mensaje\"><textarea cols=\"40\" rows=\"10\" maxlength=\"2000\" class=\"wpcf7-form-control wpcf7-textarea wpcf7-validates-as-required form-control\" aria-required=\"true\" aria-invalid=\"false\" placeholder=\"Message\" name=\"mensaje\"><\/textarea><\/span>\n        <\/div>\n <div style=\"padding-bottom:15px\" class=\"form-group\">\n       <span class=\"wpcf7-form-control-wrap recaptcha\" data-name=\"recaptcha\"><span data-sitekey=\"6Le7rh8qAAAAAAmf5kRuxYd559QxYXEovIq1fNiT\" class=\"wpcf7-form-control wpcf7-recaptcha g-recaptcha\"><\/span>\r\n<noscript>\r\n\t<div class=\"grecaptcha-noscript\">\r\n\t\t<iframe src=\"https:\/\/www.google.com\/recaptcha\/api\/fallback?k=6Le7rh8qAAAAAAmf5kRuxYd559QxYXEovIq1fNiT\" frameborder=\"0\" scrolling=\"no\" width=\"310\" height=\"430\">\r\n\t\t<\/iframe>\r\n\t\t<textarea name=\"g-recaptcha-response\" rows=\"3\" cols=\"40\" placeholder=\"reCaptcha Response Here\">\r\n\t\t<\/textarea>\r\n\t<\/div>\r\n<\/noscript>\r\n<\/span>\n        \n      <\/div>\n        <div class=\"col-12 form-group\">\n            <button type=\"submit\" class=\"vs-btn wpcf7-submit\"><span class=\"vs-btn__bar\"><\/span> SEND<\/button>\n        <\/div>\n    <\/div>\n<\/div><div class=\"wpcf7-response-output\" aria-hidden=\"true\"><\/div>\n<input type=\"hidden\" name=\"trp-form-language\" value=\"en\"\/><\/form>\n<\/div>\n<\/div>\n\t\t\t\t\t\t<\/div>\n\t\t\t\t<\/div>\n\t\t\t\t<\/div>\n\t\t\t\t\t<\/div>\n\t\t\t\t<\/div>\n\t\t\t\t<\/div>\n\t\t\t\t<\/div>\n\t\t\t\t<\/div>","protected":false},"excerpt":{"rendered":"<p>Folletos Descarg\u00e1 nuestros folletos Fertilization Seeder GURISA Bale Carrier Haymaking Seed &amp; Fertilizer Carts \u00bfNecesit\u00e1s m\u00e1s informaci\u00f3n? Contacto Estamos ac\u00e1 para ayudarte. Ponete en contacto con nosotros para conocer m\u00e1s sobre nuestros productos y servicios.<\/p>","protected":false},"author":1,"featured_media":0,"parent":0,"menu_order":0,"comment_status":"closed","ping_status":"closed","template":"elementor_header_footer","meta":{"_seopress_robots_primary_cat":"","_seopress_titles_title":"","_seopress_titles_desc":"","_seopress_robots_index":"","footnotes":""},"class_list":["post-4582","page","type-page","status-publish","hentry"],"_links":{"self":[{"href":"https:\/\/gimetal.com.ar\/en\/wp-json\/wp\/v2\/pages\/4582","targetHints":{"allow":["GET"]}}],"collection":[{"href":"https:\/\/gimetal.com.ar\/en\/wp-json\/wp\/v2\/pages"}],"about":[{"href":"https:\/\/gimetal.com.ar\/en\/wp-json\/wp\/v2\/types\/page"}],"author":[{"embeddable":true,"href":"https:\/\/gimetal.com.ar\/en\/wp-json\/wp\/v2\/users\/1"}],"replies":[{"embeddable":true,"href":"https:\/\/gimetal.com.ar\/en\/wp-json\/wp\/v2\/comments?post=4582"}],"version-history":[{"count":43,"href":"https:\/\/gimetal.com.ar\/en\/wp-json\/wp\/v2\/pages\/4582\/revisions"}],"predecessor-version":[{"id":4641,"href":"https:\/\/gimetal.com.ar\/en\/wp-json\/wp\/v2\/pages\/4582\/revisions\/4641"}],"wp:attachment":[{"href":"https:\/\/gimetal.com.ar\/en\/wp-json\/wp\/v2\/media?parent=4582"}],"curies":[{"name":"wp","href":"https:\/\/api.w.org\/{rel}","templated":true}]}}