{"id":3867,"date":"2024-07-23T08:28:54","date_gmt":"2024-07-23T08:28:54","guid":{"rendered":"https:\/\/gimetal.com.ar\/?post_type=product&#038;p=3867"},"modified":"2025-10-29T09:07:40","modified_gmt":"2025-10-29T12:07:40","slug":"tolva-modelo-ac-14000-lts","status":"publish","type":"product","link":"https:\/\/gimetal.com.ar\/en\/product\/tolva-modelo-ac-14000-lts\/","title":{"rendered":"Grain wagon Model AC 14.000 L"},"content":{"rendered":"<style type=\"text\/css\">.list-style1 li{display:block;}<\/style>\n<h4>LOADER &amp; DISTRIBUTOR \u2013 SEED AND GRAIN HOPPER<\/h4>\n<p><strong>The best-selling model on the market<\/strong><\/p>\n<h4 class=\"wp-block-heading\">Features:<\/h4>\n<ul class=\"list-unstyled list-style1\">\n<li>360\u00b0 steel ball-bearing swivel ring.<\/li>\n<li>3\u201d solid axles with elastics, with reinforced 5-hole hubs.<\/li>\n<li>15 L inoculant tank.<\/li>\n<li>Hopper divided in the middle. Bolted (Seed\/Fertilizer).<\/li>\n<li>Loading sight glasses.<\/li>\n<li>Exterior painted in polyurethane; interior with epoxy.<\/li>\n<li>Load capacity: 12 tons for seed; 14\u201316 tons for fertilizer.<\/li>\n<li>5 m long, 160 mm diameter auger, with hydraulic drive gearbox (special reducer).<\/li>\n<li>Inoculator drum adapted to the auger, with quick access and easy filling.<\/li>\n<li>Independent \u2013 removable tray.<\/li>\n<li>Double chassis, <strong>unique in the market<\/strong>, reinforced, multipurpose, multifunctional (removing the cone of the hopper, only 4 bolts are needed to install any kind of tank or load).<\/li>\n<li>Fully bolted for torsion system.<\/li>\n<\/ul>\n<p><img alt=\"\" fetchpriority=\"high\" decoding=\"async\" class=\"alignnone wp-image-4237\" src=\"https:\/\/gimetal.com.ar\/wp-content\/uploads\/2024\/09\/ice_screenshot_20240914-140022.png\" width=\"377\" height=\"298\" srcset=\"https:\/\/gimetal.com.ar\/wp-content\/uploads\/2024\/09\/ice_screenshot_20240914-140022.png 656w, https:\/\/gimetal.com.ar\/wp-content\/uploads\/2024\/09\/ice_screenshot_20240914-140022-300x237.png 300w, https:\/\/gimetal.com.ar\/wp-content\/uploads\/2024\/09\/ice_screenshot_20240914-140022-600x474.png 600w\" sizes=\"(max-width: 377px) 100vw, 377px\" \/><\/p>\n<ul class=\"list-unstyled list-style1\">\n<li>Reinforced drawbar, with anti-slip floor and quick-access step.<\/li>\n<li>With front and rear mudguards.<\/li>\n<li>Three-section telescopic pipe.<\/li>\n<li>Tarp.<\/li>\n<li>Double removable ladders front and rear.<\/li>\n<\/ul>\n<p><img alt=\"\" decoding=\"async\" class=\"alignnone size-full wp-image-4240\" src=\"https:\/\/gimetal.com.ar\/wp-content\/uploads\/2024\/09\/ice_screenshot_20240914-140657.png\" width=\"413\" height=\"293\" srcset=\"https:\/\/gimetal.com.ar\/wp-content\/uploads\/2024\/09\/ice_screenshot_20240914-140657.png 413w, https:\/\/gimetal.com.ar\/wp-content\/uploads\/2024\/09\/ice_screenshot_20240914-140657-300x213.png 300w\" sizes=\"(max-width: 413px) 100vw, 413px\" \/><\/p>\n<ul class=\"list-unstyled list-style1\">\n<li>Rear hitch.<\/li>\n<li>High-quality signage.<\/li>\n<li>Reinforced blind rims.<\/li>\n<li>Mobile rear bumper, bolted.<\/li>\n<\/ul>\n<p><strong>OPTIONALS:<\/strong><\/p>\n<ul class=\"list-unstyled list-style1\">\n<li>Quick unloader, with crank for winding\/unwinding from the ground for safety.<\/li>\n<li>\u201cLED-style\u201d lighting kit.<\/li>\n<li>Special rims (11.75\u00d722.5).<\/li>\n<li>Dual rims (8.25\u00d722.5).<\/li>\n<li>Internal toolbox.<\/li>\n<li>Hand-wash tank.<\/li>\n<li>Brush for the auger.<\/li>\n<li>Bucket elevator with belt and buckets, with direct hydraulic motor 100 cc. Equipped with arm for loading and unloading.<\/li>\n<li>Special 200 mm auger.<\/li>\n<li>Chains and safety shackles.<\/li>\n<li>Quick-discharge tray.<\/li>\n<li>Electronic inoculant dispenser.<\/li>\n<li>Scale.<\/li>\n<\/ul>\n<p><img alt=\"\" decoding=\"async\" class=\"alignnone size-full wp-image-4238\" src=\"https:\/\/gimetal.com.ar\/wp-content\/uploads\/2024\/09\/ice_screenshot_20240914-140041.png\" width=\"278\" height=\"319\" srcset=\"https:\/\/gimetal.com.ar\/wp-content\/uploads\/2024\/09\/ice_screenshot_20240914-140041.png 278w, https:\/\/gimetal.com.ar\/wp-content\/uploads\/2024\/09\/ice_screenshot_20240914-140041-261x300.png 261w\" sizes=\"(max-width: 278px) 100vw, 278px\" \/><\/p>\n<p><strong>MADE IN ARGENTINA<\/strong><\/p>","protected":false},"excerpt":{"rendered":"<p>CARGADOR DISTRIBUIDOR &#8211; SEMILLERA Y CEREALERA La m\u00e1s vendida del mercado Caracter\u00edsticas: Aro giratorio de acero a bolillas, de\u00a0360\u00ba de giro. Ejes macizos de 3\u201d con el\u00e1sticos, con mazas reforzadas de 5 agujeros. Dep\u00f3sito para inoculante 15 lts. Tolva con divisi\u00f3n al medio. Abulonada (semilla\/fertilizante). Visores de carga. Pintado exterior poliuretano, interior con Epoxi. Capacidad&#8230;<\/p>","protected":false},"featured_media":3871,"comment_status":"open","ping_status":"closed","template":"","meta":{"_seopress_robots_primary_cat":"none","_seopress_titles_title":"","_seopress_titles_desc":"","_seopress_robots_index":""},"product_brand":[],"product_cat":[54],"product_tag":[],"class_list":{"0":"post-3867","1":"product","2":"type-product","3":"status-publish","4":"has-post-thumbnail","6":"product_cat-tolva-cerealera-y-semillera","8":"first","9":"instock","10":"shipping-taxable","11":"product-type-simple"},"_links":{"self":[{"href":"https:\/\/gimetal.com.ar\/en\/wp-json\/wp\/v2\/product\/3867","targetHints":{"allow":["GET"]}}],"collection":[{"href":"https:\/\/gimetal.com.ar\/en\/wp-json\/wp\/v2\/product"}],"about":[{"href":"https:\/\/gimetal.com.ar\/en\/wp-json\/wp\/v2\/types\/product"}],"replies":[{"embeddable":true,"href":"https:\/\/gimetal.com.ar\/en\/wp-json\/wp\/v2\/comments?post=3867"}],"wp:featuredmedia":[{"embeddable":true,"href":"https:\/\/gimetal.com.ar\/en\/wp-json\/wp\/v2\/media\/3871"}],"wp:attachment":[{"href":"https:\/\/gimetal.com.ar\/en\/wp-json\/wp\/v2\/media?parent=3867"}],"wp:term":[{"taxonomy":"product_brand","embeddable":true,"href":"https:\/\/gimetal.com.ar\/en\/wp-json\/wp\/v2\/product_brand?post=3867"},{"taxonomy":"product_cat","embeddable":true,"href":"https:\/\/gimetal.com.ar\/en\/wp-json\/wp\/v2\/product_cat?post=3867"},{"taxonomy":"product_tag","embeddable":true,"href":"https:\/\/gimetal.com.ar\/en\/wp-json\/wp\/v2\/product_tag?post=3867"}],"curies":[{"name":"wp","href":"https:\/\/api.w.org\/{rel}","templated":true}]}}