{"id":3881,"date":"2024-07-23T08:40:30","date_gmt":"2024-07-23T08:40:30","guid":{"rendered":"https:\/\/gimetal.com.ar\/?post_type=product&#038;p=3881"},"modified":"2025-10-30T08:19:04","modified_gmt":"2025-10-30T11:19:04","slug":"tolva-modelo-ac-22000-lts","status":"publish","type":"product","link":"https:\/\/gimetal.com.ar\/en\/product\/tolva-modelo-ac-22000-lts\/","title":{"rendered":"Grain wagon Model AC 22.000 L"},"content":{"rendered":"<h4>LOADER &amp; DISTRIBUTOR \u2013 SEED AND GRAIN HOPPER<\/h4>\n<p><strong>UNIQUE IN THE MARKET, DESIGNED FOR LOADING AIR DRILL SEEDERS, PLANTERS, AND SELF-PROPELLED FERTILIZER SPREADERS.<\/strong><\/p>\n<h4 class=\"wp-block-heading\">Features:<\/h4>\n<ul class=\"list-unstyled list-style1\">\n<li>Steel ball-bearing swivel ring.<\/li>\n<li>4\u201d solid axles with elastics, with reinforced 5-hole hubs (idem truck).<\/li>\n<li>15 L inoculant tank.<\/li>\n<li>Hopper divided in the middle. Bolted (Seed\/Fertilizer).<\/li>\n<li>Loading sight glasses.<\/li>\n<li>Ladders for intern access.<\/li>\n<li>Reinforced guillotine to prevent nozzle clogging.<\/li>\n<li>Exterior painted in polyurethane; interior with epoxy.<\/li>\n<li>Load capacity: 18 tons for seed; 20-22 tons for fertilizer.<\/li>\n<li>6.5 m long, 200 mm diameter auger, with hydraulic drive gearbox (special reducer).<\/li>\n<li>Inoculator drum adapted to the auger, with quick access and easy filling.<\/li>\n<li>Independent \u2013 removable tray.<\/li>\n<\/ul>\n<p><img alt=\"\" fetchpriority=\"high\" decoding=\"async\" class=\"alignnone  wp-image-4249\" src=\"https:\/\/gimetal.com.ar\/wp-content\/uploads\/2024\/07\/ice_screenshot_20240914-143450.png\" width=\"368\" height=\"455\" srcset=\"https:\/\/gimetal.com.ar\/wp-content\/uploads\/2024\/07\/ice_screenshot_20240914-143450.png 501w, https:\/\/gimetal.com.ar\/wp-content\/uploads\/2024\/07\/ice_screenshot_20240914-143450-242x300.png 242w\" sizes=\"(max-width: 368px) 100vw, 368px\" \/><\/p>\n<ul class=\"list-unstyled list-style1\">\n<li>Double chassis,\u00a0<strong> unique in the market<\/strong>, reinforced, fully bolted for torsion system.<\/li>\n<li>Robust, spring-loaded drawbar with support foot, non-slip floor, and quick-access step.<\/li>\n<li>Special \u201ctruck-eye\u201d hitch.<\/li>\n<li>\u201cLED-style\u201d lighting kit.<\/li>\n<li>With front and rear mudguards.<\/li>\n<li>Three-section telescopic pipe.<\/li>\n<li>Tarp.<\/li>\n<li>Double removable ladders front and rear.<\/li>\n<li>Intern ladders.<\/li>\n<\/ul>\n<p><img alt=\"\" decoding=\"async\" class=\"alignnone size-full wp-image-4250\" src=\"https:\/\/gimetal.com.ar\/wp-content\/uploads\/2024\/07\/ice_screenshot_20240914-143616.png\" width=\"414\" height=\"408\" srcset=\"https:\/\/gimetal.com.ar\/wp-content\/uploads\/2024\/07\/ice_screenshot_20240914-143616.png 414w, https:\/\/gimetal.com.ar\/wp-content\/uploads\/2024\/07\/ice_screenshot_20240914-143616-300x296.png 300w, https:\/\/gimetal.com.ar\/wp-content\/uploads\/2024\/07\/ice_screenshot_20240914-143616-70x70.png 70w, https:\/\/gimetal.com.ar\/wp-content\/uploads\/2024\/07\/ice_screenshot_20240914-143616-100x100.png 100w\" sizes=\"(max-width: 414px) 100vw, 414px\" \/><\/p>\n<h4 class=\"wp-block-heading\">Optionals:<\/h4>\n<ul class=\"list-unstyled list-style1\">\n<li>Quick unloader, with crank for winding\/unwinding from the ground for safety.<\/li>\n<li>Internal toolbox.<\/li>\n<li>Hand-wash tank.<\/li>\n<li>Brush for the auger.<\/li>\n<li>Bucket elevator with belt and buckets, with direct hydraulic motor 150 cc. Equipped with arm for loading and unloading.<\/li>\n<li>Chains and safety shackles.<\/li>\n<li>Quick-discharge tray.<\/li>\n<li>Electronic inoculant dispenser.<\/li>\n<li>Scale.<\/li>\n<\/ul>\n<p><strong>MADE IN ARGENTINA<\/strong><\/p>","protected":false},"excerpt":{"rendered":"<p>CARGADOR DISTRIBUIDOR &#8211; SEMILLERA Y CEREALERA UNICA EN EL MERCADO, PARA LA CARGA DE SEMBRADORAS AIR DRILL &#8211; PLANTER Y FERTILIZADORAS AUTOPROPULSADAS Caracter\u00edsticas Aro giratorio de acero a bolillas. Ejes macizos de 4\u201d con el\u00e1sticos, con mazas reforzadas de 10 agujeros (idem cami\u00f3n). Dep\u00f3sito para inoculante 15 lts. Tolva con divisi\u00f3n al medio. abulonada (semilla\/fertilizante)&#8230;.<\/p>","protected":false},"featured_media":3882,"comment_status":"open","ping_status":"closed","template":"","meta":{"_seopress_robots_primary_cat":"none","_seopress_titles_title":"","_seopress_titles_desc":"","_seopress_robots_index":""},"product_brand":[],"product_cat":[54],"product_tag":[],"class_list":{"0":"post-3881","1":"product","2":"type-product","3":"status-publish","4":"has-post-thumbnail","6":"product_cat-tolva-cerealera-y-semillera","8":"first","9":"instock","10":"shipping-taxable","11":"product-type-simple"},"_links":{"self":[{"href":"https:\/\/gimetal.com.ar\/en\/wp-json\/wp\/v2\/product\/3881","targetHints":{"allow":["GET"]}}],"collection":[{"href":"https:\/\/gimetal.com.ar\/en\/wp-json\/wp\/v2\/product"}],"about":[{"href":"https:\/\/gimetal.com.ar\/en\/wp-json\/wp\/v2\/types\/product"}],"replies":[{"embeddable":true,"href":"https:\/\/gimetal.com.ar\/en\/wp-json\/wp\/v2\/comments?post=3881"}],"wp:featuredmedia":[{"embeddable":true,"href":"https:\/\/gimetal.com.ar\/en\/wp-json\/wp\/v2\/media\/3882"}],"wp:attachment":[{"href":"https:\/\/gimetal.com.ar\/en\/wp-json\/wp\/v2\/media?parent=3881"}],"wp:term":[{"taxonomy":"product_brand","embeddable":true,"href":"https:\/\/gimetal.com.ar\/en\/wp-json\/wp\/v2\/product_brand?post=3881"},{"taxonomy":"product_cat","embeddable":true,"href":"https:\/\/gimetal.com.ar\/en\/wp-json\/wp\/v2\/product_cat?post=3881"},{"taxonomy":"product_tag","embeddable":true,"href":"https:\/\/gimetal.com.ar\/en\/wp-json\/wp\/v2\/product_tag?post=3881"}],"curies":[{"name":"wp","href":"https:\/\/api.w.org\/{rel}","templated":true}]}}