{"id":3891,"date":"2024-07-23T08:43:37","date_gmt":"2024-07-23T08:43:37","guid":{"rendered":"https:\/\/gimetal.com.ar\/?post_type=product&#038;p=3891"},"modified":"2025-12-10T15:03:50","modified_gmt":"2025-12-10T18:03:50","slug":"fertilizadora-edr-3000","status":"publish","type":"product","link":"https:\/\/gimetal.com.ar\/en\/product\/fertilizadora-edr-3000\/","title":{"rendered":"Fertilizer EDR 3.000 L"},"content":{"rendered":"<h4 class=\"wp-block-heading\">Equipment<\/h4>\n<ul class=\"list-unstyled list-style1\">\n<li>Hopper capacity: 3,000 L<\/li>\n<li>Maximum working width: 30\u201332 m<\/li>\n<li>Variable track width<\/li>\n<li>PTO-driven<\/li>\n<li>Distribution through rotary discs<\/li>\n<li>Double-disc rotor system with steel paddles<\/li>\n<li>Hopper with plastic lid<\/li>\n<li>Hydraulic opening and closing of gates<\/li>\n<li>Stainless steel paddles<\/li>\n<li>Transmission gearbox by Oripon<\/li>\n<li>Reinforced rocker-type transport and working system<\/li>\n<li>Front steps for quick access<\/li>\n<li>Hydraulic opening and closing of gates<\/li>\n<li>Adjustable drawbar<\/li>\n<li>Stainless steel paddles<\/li>\n<li>Internal movable grids and agitators<\/li>\n<li>Nozzles with individual guillotines<\/li>\n<li>With rims, optional (sizes 650\u00d716 or 11 L 15)<\/li>\n<li><strong>Optionals:<\/strong>\u00a0Scale System.<\/li>\n<\/ul>\n<p><strong>\u00a0MADE IN ARGENTINA <\/strong><\/p>","protected":false},"excerpt":{"rendered":"<p>Equipamiento Capacidad de la tolva: 3.000 l. Ancho m\u00e1ximo de labor: 30 &#8211; 32 m. Con trocha variable Accionamiento por toma de fuerza Distribuci\u00f3n por medio de platos rotativos Sistema con rotor de doble disco con paletas de acero Tolva con tapa pl\u00e1stica Apertura y cierre hidr\u00e1ulico de compuertas Paletas de acero inoxidable Con caja&#8230;<\/p>","protected":false},"featured_media":3892,"comment_status":"open","ping_status":"closed","template":"","meta":{"_seopress_robots_primary_cat":"none","_seopress_titles_title":"","_seopress_titles_desc":"","_seopress_robots_index":""},"product_brand":[],"product_cat":[55],"product_tag":[],"class_list":{"0":"post-3891","1":"product","2":"type-product","3":"status-publish","4":"has-post-thumbnail","6":"product_cat-fertilizacion","8":"first","9":"instock","10":"shipping-taxable","11":"product-type-simple"},"_links":{"self":[{"href":"https:\/\/gimetal.com.ar\/en\/wp-json\/wp\/v2\/product\/3891","targetHints":{"allow":["GET"]}}],"collection":[{"href":"https:\/\/gimetal.com.ar\/en\/wp-json\/wp\/v2\/product"}],"about":[{"href":"https:\/\/gimetal.com.ar\/en\/wp-json\/wp\/v2\/types\/product"}],"replies":[{"embeddable":true,"href":"https:\/\/gimetal.com.ar\/en\/wp-json\/wp\/v2\/comments?post=3891"}],"wp:featuredmedia":[{"embeddable":true,"href":"https:\/\/gimetal.com.ar\/en\/wp-json\/wp\/v2\/media\/3892"}],"wp:attachment":[{"href":"https:\/\/gimetal.com.ar\/en\/wp-json\/wp\/v2\/media?parent=3891"}],"wp:term":[{"taxonomy":"product_brand","embeddable":true,"href":"https:\/\/gimetal.com.ar\/en\/wp-json\/wp\/v2\/product_brand?post=3891"},{"taxonomy":"product_cat","embeddable":true,"href":"https:\/\/gimetal.com.ar\/en\/wp-json\/wp\/v2\/product_cat?post=3891"},{"taxonomy":"product_tag","embeddable":true,"href":"https:\/\/gimetal.com.ar\/en\/wp-json\/wp\/v2\/product_tag?post=3891"}],"curies":[{"name":"wp","href":"https:\/\/api.w.org\/{rel}","templated":true}]}}