{"id":3912,"date":"2024-07-23T08:58:23","date_gmt":"2024-07-23T08:58:23","guid":{"rendered":"https:\/\/gimetal.com.ar\/?post_type=product&#038;p=3912"},"modified":"2025-10-30T10:29:27","modified_gmt":"2025-10-30T13:29:27","slug":"transportador-de-rollos-tdr-6700","status":"publish","type":"product","link":"https:\/\/gimetal.com.ar\/en\/product\/transportador-de-rollos-tdr-6700\/","title":{"rendered":"Bale Transporter TDR 6700"},"content":{"rendered":"<h4 class=\"wp-block-heading\">Features:<\/h4>\n<div class=\"list-style1 list-style2\">\n<ul class=\"list-unstyled\">\n<li>\u00a0Capacity: 6 bales (rolls) of 1.50 meters, weighing 800 kg (Light Bales) up to 1,100 kg (Heavy Bales).<\/li>\n<li>Maximum Load: 4800 kg.<\/li>\n<li>Length: 11 meters.<\/li>\n<li>\u00a0Width: 2.75 meters.<\/li>\n<li>Weight: 1800 kg.<\/li>\n<li>Tires: 16-9-24.<\/li>\n<li>Operation\/Drive: By Hydraulic System.<\/li>\n<li>Limit Switch Valve for Automatic Cut-Off.<\/li>\n<li>High-Torque Motor to Maintain Strength and Speed for Loading and Unloading.<\/li>\n<li>Optional Wheel for Heavy Bales weighing between 800 to 1,100 Kg.<\/li>\n<li>High Ground Clearance in transport position.<\/li>\n<li>Designed entirely for use by a single operator, who controls all functions from the tractor.<\/li>\n<li>Auxiliary Arm with Support Wheel for heavy bales.<\/li>\n<li>Higher Collection Speed.<\/li>\n<li>Lower Fuel Consumption.<\/li>\n<li><\/li>\n<\/ul>\n<\/div>\n<div class=\"list-style1 list-style2\">\n<h4 class=\"wp-block-heading\">Optionals:<\/h4>\n<div class=\"list-style1 list-style2\">\n<ul class=\"list-unstyled\">\n<li>Solenoid Valves with Joystick.<\/li>\n<\/ul>\n<p><strong>MADE IN ARGENTINA <\/strong><\/p>\n<\/div>\n<\/div>","protected":false},"excerpt":{"rendered":"<p>Caracter\u00edsticas: \u00a0Capacidad: 6 rollos de 1,50 mts. de 800 kg. (Rollos Livianos) Hasta 1.100 kg. (Rollos Pesados). Carga m\u00e1xima: 4800 kg. Largo: 11 mts. \u00a0Ancho: 2,75 mts. Peso: 1800 kg. Cubiertas: 16-9-24. Accionamiento: Por Sistema Hidr\u00e1ulico. V\u00e1lvula Final de Carrera para Corte Autom\u00e1tico Motor de Gran Torque para Mantener la Fuerza y la Rapidez de&#8230;<\/p>","protected":false},"featured_media":3913,"comment_status":"open","ping_status":"closed","template":"","meta":{"_seopress_robots_primary_cat":"none","_seopress_titles_title":"","_seopress_titles_desc":"","_seopress_robots_index":""},"product_brand":[],"product_cat":[58],"product_tag":[],"class_list":{"0":"post-3912","1":"product","2":"type-product","3":"status-publish","4":"has-post-thumbnail","6":"product_cat-transportador-de-rollos","8":"first","9":"instock","10":"shipping-taxable","11":"product-type-simple"},"_links":{"self":[{"href":"https:\/\/gimetal.com.ar\/en\/wp-json\/wp\/v2\/product\/3912","targetHints":{"allow":["GET"]}}],"collection":[{"href":"https:\/\/gimetal.com.ar\/en\/wp-json\/wp\/v2\/product"}],"about":[{"href":"https:\/\/gimetal.com.ar\/en\/wp-json\/wp\/v2\/types\/product"}],"replies":[{"embeddable":true,"href":"https:\/\/gimetal.com.ar\/en\/wp-json\/wp\/v2\/comments?post=3912"}],"wp:featuredmedia":[{"embeddable":true,"href":"https:\/\/gimetal.com.ar\/en\/wp-json\/wp\/v2\/media\/3913"}],"wp:attachment":[{"href":"https:\/\/gimetal.com.ar\/en\/wp-json\/wp\/v2\/media?parent=3912"}],"wp:term":[{"taxonomy":"product_brand","embeddable":true,"href":"https:\/\/gimetal.com.ar\/en\/wp-json\/wp\/v2\/product_brand?post=3912"},{"taxonomy":"product_cat","embeddable":true,"href":"https:\/\/gimetal.com.ar\/en\/wp-json\/wp\/v2\/product_cat?post=3912"},{"taxonomy":"product_tag","embeddable":true,"href":"https:\/\/gimetal.com.ar\/en\/wp-json\/wp\/v2\/product_tag?post=3912"}],"curies":[{"name":"wp","href":"https:\/\/api.w.org\/{rel}","templated":true}]}}