{"id":3955,"date":"2024-07-23T09:23:03","date_gmt":"2024-07-23T09:23:03","guid":{"rendered":"https:\/\/gimetal.com.ar\/?post_type=product&#038;p=3955"},"modified":"2026-03-26T09:00:47","modified_gmt":"2026-03-26T12:00:47","slug":"sembradora-fg-20-11","status":"publish","type":"product","link":"https:\/\/gimetal.com.ar\/en\/product\/sembradora-fg-20-11\/","title":{"rendered":"Seeder FG 20\/11"},"content":{"rendered":"<style type=\"text\/css\">.tr-even td {background-color: #f2f3f4;}.td-red {background-color: #d42b35 !important;color: #fff;}.td-orange {background-color: #fc7621 !important;color: #fff;}<\/style>\n<h4 class=\"wp-block-heading\">Fine Grain Features:<\/h4>\n<ul class=\"list-unstyled list-style1\">\n<li>\u00a0Single Sheet Metal Hoppers painted with polyurethane.<\/li>\n<li>Hydraulic Markers, synchronized with 16\u2033 serrated disk.<\/li>\n<li>Plastic Roller Seed Meters (seed) and chevron for fertilizer.<\/li>\n<li>Hydraulic Lift System, 3 \u00bd and 4\u2033 cylinders.<\/li>\n<li>High-Strength Cast Iron Work Wheel Hubs.<\/li>\n<li>Work Tires: 14.9 x 28 or high flotation (optional).<\/li>\n<li>Side Foldable Work Drawbar for transport.<\/li>\n<li>Transport Clearance: 500 mm.<\/li>\n<li>Working Clearance: 350 mm.<\/li>\n<li>Planting Units \u2013 Body with parallelograms and treated bushings.<\/li>\n<li>Quick Pressure Regulator for the unit.<\/li>\n<li>Closing Wheels with quick adjustment of the attack angle.<\/li>\n<li>Adjustable Cast Iron Gauge Wheel Arm.<\/li>\n<li>Row Spacing: 17.5; 19 and 21 cm.<\/li>\n<li>Individual Gearboxes for seed, fertilizer, and pasture, equipped with safety clutch and lubricated in an oil bath.<\/li>\n<\/ul>\n<h4 class=\"wp-block-heading\">Power Requirement:<\/h4>\n<ul class=\"list-unstyled list-style1\">\n<li>\u00a05 Hp per unit (single fertilization).<\/li>\n<li>\u00a07 Hp (double fertilization).<\/li>\n<\/ul>\n<p><strong>OPTIONALS:<\/strong><\/p>\n<ul class=\"list-unstyled list-style1\">\n<li>Coarse Grain Kit can be added with mechanical plate or pneumatic metering.<\/li>\n<li>Pasture Seed Box with helical metering device and bottoms with a decline for better seed utilization.<\/li>\n<li>\u00a0Rear Hitch to couple various trailers.<\/li>\n<li>\u00a0Rear hitch to couple different trailers<\/li>\n<li>Cover Tarp<\/li>\n<\/ul>\n<h4 class=\"wp-block-heading\">Coarse Grain<\/h4>\n<p><strong>Features<\/strong><\/p>\n<ul class=\"list-unstyled list-style1\">\n<li>Single Sheet Metal Hoppers painted with polyurethane, with sliding lids for loading and discharge nozzles for coarse grains with a guillotine gate.<\/li>\n<li>Coarse Grain Meters with treated bushings: corn, soybeans, sunflowers, sorghum, etc.<\/li>\n<li>Hydraulic Markers, synchronized with the unit's 16\u201d serrated disk.<\/li>\n<li>Plastic Roller Seed Meters (seed) and chevron for fertilizer.<\/li>\n<li>Hydraulic Lift System, 3 1\/2 and 4\u2033 cylinders.<\/li>\n<li>Work Tires: 14.9 x 28 or high flotation (optional).<\/li>\n<li>Foldable Work Drawbar for transport.<\/li>\n<li>Transport Clearance: 500 mm.<\/li>\n<li>Working Clearance: 350 mm.<\/li>\n<li>Planting Units: body with parallelograms.<\/li>\n<li>Planting Unit Parallelograms with treated bushings.<\/li>\n<li>Quick Pressure Regulator for the unit.<\/li>\n<li>Closing Wheels with quick adjustment of the attack angle.<\/li>\n<li>Double Gauge Wheel with cast iron arm and adjustment.<\/li>\n<li>Individual Gearboxes for seed, fertilizer, and pasture, equipped with safety clutch and lubricated.<\/li>\n<li>Row Spacing: 35, 52.5, and 70 cm.<\/li>\n<\/ul>\n<p><strong>OPTIONALS:<\/strong><\/p>\n<ul class=\"list-unstyled list-style1\">\n<li>Double Fertilization System.<\/li>\n<li>Pneumatic Metering System.<\/li>\n<li>Single Sheet Metal Hoppers painted with polyurethane, with sliding lids for loading and discharge nozzles for coarse grains with a guillotine gate.<\/li>\n<li>Plate Coarse Grain Meters: corn, soybeans, sunflowers, sorghum, etc.<\/li>\n<li>Hydraulic Markers, synchronized with 16\u2033 serrated disk.<\/li>\n<li>Plastic Roller Seed Meters (seed) and chevron for fertilizer.<\/li>\n<\/ul>\n<p><!--img class=\"alignnone size-full wp-image-4235\" src=\"https:\/\/gimetal.com.ar\/wp-content\/uploads\/2024\/09\/ice_screenshot_20240914-135228.png\" alt=\"\" width=\"1604\" height=\"253\" \/--><\/p>\n<div style=\"max-width:100%;overflow-X:auto;\">\n<table cellspacing=\"0\">\n<tr>\n<td rowspan=\"2\">CHASSIS<\/td>\n<td colspan=\"3\" class=\"td-orange\"><b>Fine Grain<\/b><\/td>\n<td colspan=\"4\" class=\"td-red\"><b>Coarse grain<\/b><\/td>\n<td colspan=\"3\" class=\"td-orange\"><b>Capacity (liters)<\/b><\/td>\n<\/tr>\n<tr>\n<td class=\"td-red\">17,5 cm<\/td>\n<td class=\"td-red\">19 cm<\/td>\n<td class=\"td-red\">21 cm<\/td>\n<td class=\"td-orange\">35 cm<\/td>\n<td class=\"td-orange\">42 cm<\/td>\n<td class=\"td-orange\">52,5 cm<\/td>\n<td class=\"td-orange\">70 cm<\/td>\n<td class=\"td-red\">Total<\/td>\n<td class=\"td-red\">Seeds<\/td>\n<td class=\"td-red\">Fertilizer<\/td>\n<\/tr>\n<tr class=\"tr-even\">\n<td class=\"td-red\">3260<\/td>\n<td>17<\/td>\n<td>17<\/td>\n<td>15<\/td>\n<td>9<\/td>\n<td>7<\/td>\n<td>6<\/td>\n<td>5<\/td>\n<td>1307<\/td>\n<td>621<\/td>\n<td>686<\/td>\n<\/tr>\n<tr>\n<td class=\"td-orange\">3960<\/td>\n<td>21<\/td>\n<td>19<\/td>\n<td>17<\/td>\n<td>11<\/td>\n<td>9<\/td>\n<td>7<\/td>\n<td>6<\/td>\n<td>1589<\/td>\n<td>755<\/td>\n<td>834<\/td>\n<\/tr>\n<tr class=\"tr-even\">\n<td class=\"td-red\">4680<\/td>\n<td>25<\/td>\n<td>23<\/td>\n<td>21<\/td>\n<td>13<\/td>\n<td>11<\/td>\n<td>9<\/td>\n<td>7<\/td>\n<td>1758<\/td>\n<td>835<\/td>\n<td>823<\/td>\n<\/tr>\n<tr>\n<td class=\"td-orange\">5360<\/td>\n<td>29<\/td>\n<td>27<\/td>\n<td>25<\/td>\n<td>15<\/td>\n<td>12<\/td>\n<td>10<\/td>\n<td>8<\/td>\n<td>2095<\/td>\n<td>995<\/td>\n<td>1100<\/td>\n<\/tr>\n<tr class=\"tr-even\">\n<td class=\"td-red\">6780<\/td>\n<td>35<\/td>\n<td>33<\/td>\n<td>31<\/td>\n<td>19<\/td>\n<td>16<\/td>\n<td>13<\/td>\n<td>10<\/td>\n<td>2614<\/td>\n<td>1242<\/td>\n<td>1372<\/td>\n<\/tr>\n<\/table>\n<\/div>","protected":false},"excerpt":{"rendered":"<p>Caracter\u00edsticas Granos Finos: \u00a0Monotolvas de chapa pintadas con poliuretano. Marcadores hidr\u00e1ulicos, sincronizados con disco dentado de 16&#8243; Dosificadores a roldana pl\u00e1stica (semilla) y chevr\u00f3n para fertilizante. Sistema de levante hidr\u00e1ulico, cilindros de 3 \u00bd y 4. Mazas de rueda de trabajo: fundici\u00f3n de alta resistencia Cubiertas de trabajo: 14,9 x 28 o de alta flotaci\u00f3n&#8230;<\/p>","protected":false},"featured_media":3906,"comment_status":"open","ping_status":"closed","template":"","meta":{"_seopress_robots_primary_cat":"none","_seopress_titles_title":"Sembradora de grano fino y grueso FG 20\/11 %%sep%% %%sitetitle%%","_seopress_titles_desc":"La sembradora de grano fino y grueso FG 20\/11 de Gimetal est\u00e1 dise\u00f1ada para ofrecer m\u00e1xima eficiencia y rendimiento.","_seopress_robots_index":""},"product_brand":[],"product_cat":[56],"product_tag":[],"class_list":{"0":"post-3955","1":"product","2":"type-product","3":"status-publish","4":"has-post-thumbnail","6":"product_cat-sembradoras","8":"first","9":"instock","10":"shipping-taxable","11":"product-type-simple"},"_links":{"self":[{"href":"https:\/\/gimetal.com.ar\/en\/wp-json\/wp\/v2\/product\/3955","targetHints":{"allow":["GET"]}}],"collection":[{"href":"https:\/\/gimetal.com.ar\/en\/wp-json\/wp\/v2\/product"}],"about":[{"href":"https:\/\/gimetal.com.ar\/en\/wp-json\/wp\/v2\/types\/product"}],"replies":[{"embeddable":true,"href":"https:\/\/gimetal.com.ar\/en\/wp-json\/wp\/v2\/comments?post=3955"}],"wp:featuredmedia":[{"embeddable":true,"href":"https:\/\/gimetal.com.ar\/en\/wp-json\/wp\/v2\/media\/3906"}],"wp:attachment":[{"href":"https:\/\/gimetal.com.ar\/en\/wp-json\/wp\/v2\/media?parent=3955"}],"wp:term":[{"taxonomy":"product_brand","embeddable":true,"href":"https:\/\/gimetal.com.ar\/en\/wp-json\/wp\/v2\/product_brand?post=3955"},{"taxonomy":"product_cat","embeddable":true,"href":"https:\/\/gimetal.com.ar\/en\/wp-json\/wp\/v2\/product_cat?post=3955"},{"taxonomy":"product_tag","embeddable":true,"href":"https:\/\/gimetal.com.ar\/en\/wp-json\/wp\/v2\/product_tag?post=3955"}],"curies":[{"name":"wp","href":"https:\/\/api.w.org\/{rel}","templated":true}]}}