{"id":4230,"date":"2024-09-13T19:19:43","date_gmt":"2024-09-13T19:19:43","guid":{"rendered":"https:\/\/gimetal.com.ar\/?post_type=product&#038;p=4230"},"modified":"2026-03-26T09:02:42","modified_gmt":"2026-03-26T12:02:42","slug":"sembradora-gurisa","status":"publish","type":"product","link":"https:\/\/gimetal.com.ar\/en\/product\/sembradora-gurisa\/","title":{"rendered":"Seeder GURISA"},"content":{"rendered":"<h4 class=\"wp-block-heading\">Fine Grain Features:<\/h4>\n<ul class=\"list-unstyled list-style1\">\n<li>Markers: (2) hydraulic, synchronized.<\/li>\n<li>Lift System: hydraulic.<\/li>\n<li>Gearboxes: 2 variable gearboxes with safety clutch and engagement.<\/li>\n<li>Work Wheel Hubs: 10 \u2013 12 bearings 30210 \u2013 30212 and double seal.<\/li>\n<li>Work Tires: 12.4\u00d728 optional high flotation.<\/li>\n<li>Work Drawbar: with cemented ball joints.<\/li>\n<\/ul>\n<h4 class=\"wp-block-heading\">Planting Units<\/h4>\n<ul class=\"list-unstyled list-style1\">\n<li>Unit Support: with standard pivot bolt (3\/4\u2033x61\/2\u201d) treated bushings.<\/li>\n<li>Compression Spring (minimum travel and constant load).<\/li>\n<li>Double Opener Disk: 1 smooth disk 15\u2033 \u2013 1 smooth disk 16\u2033.<\/li>\n<li>Depth Control: screw adjustment. Semi-pneumatic wheel 2 1\/8\u201d x 157.<\/li>\n<li>Seed Firming: plastic seed firmer.<\/li>\n<li>Closing Arm: designed to efficiently follow the furrow\/ridge (taipa).<\/li>\n<li>Closing Wheel: rubber or steel, with serrated supplement. Nodular cast iron hubs; double sealed bearing 6204, with constant pressure.<\/li>\n<\/ul>\n<h4 class=\"wp-block-heading\">Hopper<\/h4>\n<ul class=\"list-unstyled list-style1\">\n<li>Bolted, divided into 2 parts: 850 liters of seed, 850 liters of fertilizer.<\/li>\n<\/ul>\n<h4 class=\"wp-block-heading\">Meters<\/h4>\n<ul class=\"list-unstyled list-style1\">\n<li>Seed: roller.<\/li>\n<li>Fertilizer: Chevron.<\/li>\n<li>Work Tires: 14.9 x 24. Optional high flotation (Equips models 4680 \u2013 5360 \u2013 6780) | 12.4 x 28. Optional high flotation | 550 x 60 x 22.5 (Equips models 3260 \u2013 3960).<\/li>\n<\/ul>\n<h4 class=\"wp-block-heading\">OPTIONALS:<\/h4>\n<ul class=\"list-unstyled list-style1\">\n<li>Pasture Box: 190 liter capacity, helical meter.<\/li>\n<li>36-Speed Gearbox, seed firming wheel, double gauge wheel.<\/li>\n<li>Cast Iron Meters.<\/li>\n<li>End-Tow Transport.<\/li>\n<li>Cutting Blades.<\/li>\n<li>Planting Monitor.<\/li>\n<li>Seed Drop Tube with Telescopic Section.<\/li>\n<li>Alfalfa Seeder.<\/li>\n<li>System with Hydraulic Drive and Planting Monitor.<\/li>\n<\/ul>","protected":false},"excerpt":{"rendered":"<p>Caracter\u00edsticas granos finos: Marcadores:(2) hidr\u00e1ulicos, sincronizados Sistema de levante: hidr\u00e1ulico Cajas de cambio: 2 cajas variables con zafe y embrague Mazas ruedas de trabajo: 10 &#8211; 12 rodamientos 30210 &#8211; 30212 y doble reten Cubiertas de trabajo: 12,4&#215;28 opcional alta flotaci\u00f3n Lanza de trabajo: a rotulas cementadas. Trenes de siembra Soporte de cuerpo: con tornillo&#8230;<\/p>","protected":false},"featured_media":3903,"comment_status":"open","ping_status":"closed","template":"","meta":{"_seopress_robots_primary_cat":"none","_seopress_titles_title":"Sembradora de grano fino Gurisa %%sep%% %%sitetitle%%","_seopress_titles_desc":"Logra llevar tu producci\u00f3n a otro nivel con la sembradora de grano fino GURISA Gimetal, \u00fanica por su ancho de labor y practicidad en la siembra.","_seopress_robots_index":""},"product_brand":[],"product_cat":[56],"product_tag":[],"class_list":{"0":"post-4230","1":"product","2":"type-product","3":"status-publish","4":"has-post-thumbnail","6":"product_cat-sembradoras","8":"first","9":"instock","10":"shipping-taxable","11":"product-type-simple"},"_links":{"self":[{"href":"https:\/\/gimetal.com.ar\/en\/wp-json\/wp\/v2\/product\/4230","targetHints":{"allow":["GET"]}}],"collection":[{"href":"https:\/\/gimetal.com.ar\/en\/wp-json\/wp\/v2\/product"}],"about":[{"href":"https:\/\/gimetal.com.ar\/en\/wp-json\/wp\/v2\/types\/product"}],"replies":[{"embeddable":true,"href":"https:\/\/gimetal.com.ar\/en\/wp-json\/wp\/v2\/comments?post=4230"}],"wp:featuredmedia":[{"embeddable":true,"href":"https:\/\/gimetal.com.ar\/en\/wp-json\/wp\/v2\/media\/3903"}],"wp:attachment":[{"href":"https:\/\/gimetal.com.ar\/en\/wp-json\/wp\/v2\/media?parent=4230"}],"wp:term":[{"taxonomy":"product_brand","embeddable":true,"href":"https:\/\/gimetal.com.ar\/en\/wp-json\/wp\/v2\/product_brand?post=4230"},{"taxonomy":"product_cat","embeddable":true,"href":"https:\/\/gimetal.com.ar\/en\/wp-json\/wp\/v2\/product_cat?post=4230"},{"taxonomy":"product_tag","embeddable":true,"href":"https:\/\/gimetal.com.ar\/en\/wp-json\/wp\/v2\/product_tag?post=4230"}],"curies":[{"name":"wp","href":"https:\/\/api.w.org\/{rel}","templated":true}]}}