{"id":4243,"date":"2024-09-14T17:21:46","date_gmt":"2024-09-14T17:21:46","guid":{"rendered":"https:\/\/gimetal.com.ar\/?post_type=product&#038;p=4243"},"modified":"2025-10-29T09:05:49","modified_gmt":"2025-10-29T12:05:49","slug":"tolva-modelo-ac-10000-lts","status":"publish","type":"product","link":"https:\/\/gimetal.com.ar\/en\/product\/tolva-modelo-ac-10000-lts\/","title":{"rendered":"Grain wagon Model AC 10.000 L"},"content":{"rendered":"<style type=\"text\/css\">.list-style1 li{display:block;}<\/style>\n<h4>LOADER &amp; DISTRIBUTOR \u2013 SEED AND GRAIN HOPPER<\/h4>\n<p><strong>The most robust on the market<\/strong><\/p>\n<h4 class=\"wp-block-heading\">Features:<\/h4>\n<ul class=\"list-unstyled list-style1\">\n<li>360\u00b0 steel ball-bearing swivel ring.<\/li>\n<li>3\u201d solid axles with elastics, with reinforced 5-hole hubs.<\/li>\n<li>15 L inoculant tank.<\/li>\n<li>Hopper divided in the middle. Bolted (Seed\/Fertilizer).<\/li>\n<li>Loading sight glasses.<\/li>\n<li>Exterior painted in polyurethane; interior with epoxy.<\/li>\n<li>Load capacity: 8 tons for seed; 10\u201312 tons for fertilizer.<\/li>\n<li>5 m long, 160 mm diameter auger, with hydraulic drive gearbox (special reducer).<\/li>\n<li>Inoculator drum adapted to the auger, with quick access and easy filling.<\/li>\n<li>Independent \u2013 removable tray.<\/li>\n<li>Double chassis, <b>unique in the market<\/b>, reinforced, multipurpose, multifunctional (removing the cone of the hopper, only 4 bolts are needed to install any kind of tank or load).<\/li>\n<li>Fully bolted for torsion system.<\/li>\n<li>Reinforced drawbar, with anti-slip floor and quick-access step.<\/li>\n<li>With front and rear mudguards.<\/li>\n<li>Three-section telescopic pipe.<\/li>\n<li>Tarp.<\/li>\n<li>Double removable ladders front and rear.<\/li>\n<li>Rear hitch.<\/li>\n<li>High-quality signage.<\/li>\n<li>Reinforced blind rims.<\/li>\n<li>Mobile rear bumper, bolted.<\/li>\n<\/ul>\n<p><strong>OPTIONALS:<\/strong><\/p>\n<ul class=\"list-unstyled list-style1\">\n<li>Quick unloader, with crank for winding\/unwinding from the ground for safety.<\/li>\n<li>\u201cLED-style\u201d lighting kit.<\/li>\n<li>Special rims (11.75\u00d722.5).<\/li>\n<li>Dual rims (8.25\u00d722.5).<\/li>\n<li>Internal toolbox.<\/li>\n<li>Hand-wash tank.<\/li>\n<li>Brush for the auger.<\/li>\n<li>Bucket elevator with belt and buckets, with direct hydraulic motor 100 cc. Equipped with arm for loading and unloading.<\/li>\n<li>Special 200 mm auger.<\/li>\n<li>Chains and safety shackles.<\/li>\n<li>Quick-discharge tray.<\/li>\n<li>Electronic inoculant dispenser.<\/li>\n<li>Scale.<\/li>\n<\/ul>\n<p><strong>MADE IN ARGENTINA<\/strong><\/p>","protected":false},"excerpt":{"rendered":"<p>CARGADOR DISTRIBUIDOR &#8211; SEMILLERA Y CEREALERA La m\u00e1s robusta del mercado Caracter\u00edsticas: Aro giratorio de acero a bolillas, de 360\u00ba de giro. Ejes macizos de 3\u201d con el\u00e1sticos, con mazas reforzadas de 5 agujeros. Dep\u00f3sito para inoculante 15 lts. Tolva con divisi\u00f3n al medio. abulonada (semilla\/fertilizante). Visores de carga. Pintado exterior poliuretano, interior con epoxi&#8230;.<\/p>","protected":false},"featured_media":4261,"comment_status":"open","ping_status":"closed","template":"","meta":{"_seopress_robots_primary_cat":"none","_seopress_titles_title":"","_seopress_titles_desc":"","_seopress_robots_index":""},"product_brand":[],"product_cat":[54],"product_tag":[],"class_list":{"0":"post-4243","1":"product","2":"type-product","3":"status-publish","4":"has-post-thumbnail","6":"product_cat-tolva-cerealera-y-semillera","8":"first","9":"instock","10":"shipping-taxable","11":"product-type-simple"},"_links":{"self":[{"href":"https:\/\/gimetal.com.ar\/en\/wp-json\/wp\/v2\/product\/4243","targetHints":{"allow":["GET"]}}],"collection":[{"href":"https:\/\/gimetal.com.ar\/en\/wp-json\/wp\/v2\/product"}],"about":[{"href":"https:\/\/gimetal.com.ar\/en\/wp-json\/wp\/v2\/types\/product"}],"replies":[{"embeddable":true,"href":"https:\/\/gimetal.com.ar\/en\/wp-json\/wp\/v2\/comments?post=4243"}],"wp:featuredmedia":[{"embeddable":true,"href":"https:\/\/gimetal.com.ar\/en\/wp-json\/wp\/v2\/media\/4261"}],"wp:attachment":[{"href":"https:\/\/gimetal.com.ar\/en\/wp-json\/wp\/v2\/media?parent=4243"}],"wp:term":[{"taxonomy":"product_brand","embeddable":true,"href":"https:\/\/gimetal.com.ar\/en\/wp-json\/wp\/v2\/product_brand?post=4243"},{"taxonomy":"product_cat","embeddable":true,"href":"https:\/\/gimetal.com.ar\/en\/wp-json\/wp\/v2\/product_cat?post=4243"},{"taxonomy":"product_tag","embeddable":true,"href":"https:\/\/gimetal.com.ar\/en\/wp-json\/wp\/v2\/product_tag?post=4243"}],"curies":[{"name":"wp","href":"https:\/\/api.w.org\/{rel}","templated":true}]}}