{"id":4253,"date":"2024-09-14T17:44:55","date_gmt":"2024-09-14T17:44:55","guid":{"rendered":"https:\/\/gimetal.com.ar\/?post_type=product&#038;p=4253"},"modified":"2025-12-10T15:03:28","modified_gmt":"2025-12-10T18:03:28","slug":"fertilizadora-edr-1500-lts","status":"publish","type":"product","link":"https:\/\/gimetal.com.ar\/en\/product\/fertilizadora-edr-1500-lts\/","title":{"rendered":"Fertilizer EDR 1.500 L"},"content":{"rendered":"<h4 class=\"wp-block-heading\">Equipment<\/h4>\n<ul class=\"list-unstyled list-style1\">\n<li>Hopper capacity: 1,500 L<\/li>\n<li>Maximum working width: 18 m.<\/li>\n<li>Track width: 1.6 m.<\/li>\n<li>Relocated walkway at the front of the machine<\/li>\n<li>PTO-driven<\/li>\n<li>Distribution through rotary discs<\/li>\n<li>Hopper with plastic lid<\/li>\n<li>Hydraulic opening and closing of gates<\/li>\n<li>Adjustable drawbar<\/li>\n<li>Stainless steel paddles<\/li>\n<li>Internal movable grids and agitators<\/li>\n<li>Nozzles with individual guillotines<\/li>\n<li>With rims, optional (sizes 650\u00d716 or 11 L 15)<\/li>\n<\/ul>","protected":false},"excerpt":{"rendered":"<p>Equipamiento Capacidad de la tolva: 1.500 l. Ancho m\u00e1ximo de labor: 18 m. Trocha: 1,60 m. Reposicionamiento de la pasarela en la parte frontal de la m\u00e1quina Accionamiento por toma de fuerza Distribuci\u00f3n por medio de platos rotativos Tolva con tapa pl\u00e1stica Apertura y cierre hidr\u00e1ulico de compuertas Regulaci\u00f3n de lanza de tiro Paleta de&#8230;<\/p>","protected":false},"featured_media":4265,"comment_status":"open","ping_status":"closed","template":"","meta":{"_seopress_robots_primary_cat":"none","_seopress_titles_title":"","_seopress_titles_desc":"","_seopress_robots_index":""},"product_brand":[],"product_cat":[55],"product_tag":[],"class_list":{"0":"post-4253","1":"product","2":"type-product","3":"status-publish","4":"has-post-thumbnail","6":"product_cat-fertilizacion","8":"first","9":"instock","10":"shipping-taxable","11":"product-type-simple"},"_links":{"self":[{"href":"https:\/\/gimetal.com.ar\/en\/wp-json\/wp\/v2\/product\/4253","targetHints":{"allow":["GET"]}}],"collection":[{"href":"https:\/\/gimetal.com.ar\/en\/wp-json\/wp\/v2\/product"}],"about":[{"href":"https:\/\/gimetal.com.ar\/en\/wp-json\/wp\/v2\/types\/product"}],"replies":[{"embeddable":true,"href":"https:\/\/gimetal.com.ar\/en\/wp-json\/wp\/v2\/comments?post=4253"}],"wp:featuredmedia":[{"embeddable":true,"href":"https:\/\/gimetal.com.ar\/en\/wp-json\/wp\/v2\/media\/4265"}],"wp:attachment":[{"href":"https:\/\/gimetal.com.ar\/en\/wp-json\/wp\/v2\/media?parent=4253"}],"wp:term":[{"taxonomy":"product_brand","embeddable":true,"href":"https:\/\/gimetal.com.ar\/en\/wp-json\/wp\/v2\/product_brand?post=4253"},{"taxonomy":"product_cat","embeddable":true,"href":"https:\/\/gimetal.com.ar\/en\/wp-json\/wp\/v2\/product_cat?post=4253"},{"taxonomy":"product_tag","embeddable":true,"href":"https:\/\/gimetal.com.ar\/en\/wp-json\/wp\/v2\/product_tag?post=4253"}],"curies":[{"name":"wp","href":"https:\/\/api.w.org\/{rel}","templated":true}]}}